{"id":14550,"date":"2024-09-09T15:35:23","date_gmt":"2024-09-09T15:35:23","guid":{"rendered":"https:\/\/www.leds2all.pt\/?product=caleffi-valvula-de-seguridad-de-membrana-532043-otros"},"modified":"2024-09-09T16:41:31","modified_gmt":"2024-09-09T16:41:31","slug":"caleffi-valvula-de-seguridad-de-membrana-532043-otros","status":"publish","type":"product","link":"https:\/\/www.leds2all.pt\/?product=caleffi-valvula-de-seguridad-de-membrana-532043-otros","title":{"rendered":"Caleffi V\u00e1lvula de seguridad de membrana 532043, Otros"},"content":{"rendered":"<ul class=\"amazon_features\">\n<li>V\u00e1lvula de seguridad de membrana conexi\u00f3n 3 bar<\/li>\n<li>Conexi\u00f3n de entrada de 1\/2&#8243;, salida de 3\/4&#8243;, conexiones: rosca interior<\/li>\n<li>V\u00e1lvulas de seguridad de membrana para sistemas de calefacci\u00f3n cerrados<\/li>\n<li>usando un tanque de expansi\u00f3n de presi\u00f3n de membrana<\/li>\n<li>Carcasa de lat\u00f3n, n\u00famero de art\u00edculo: 532043<\/li>\n<\/ul>\n","protected":false},"excerpt":{"rendered":"<p>V\u00e1lvula de seguridad de membrana conexi\u00f3n 3 bar Conexi\u00f3n de entrada de 1\/2&#8243;, salida de 3\/4&#8243;, conexiones: rosca interior V\u00e1lvulas de seguridad de membrana para sistemas de calefacci\u00f3n cerrados usando un tanque de expansi\u00f3n de presi\u00f3n de membrana Carcasa de lat\u00f3n, n\u00famero de art\u00edculo: 532043<\/p>\n","protected":false},"featured_media":14551,"comment_status":"closed","ping_status":"closed","template":"","meta":{"_monsterinsights_skip_tracking":false,"_monsterinsights_sitenote_active":false,"_monsterinsights_sitenote_note":"","_monsterinsights_sitenote_category":0},"product_brand":[],"product_cat":[498],"product_tag":[],"class_list":{"0":"post-14550","1":"product","2":"type-product","3":"status-publish","4":"has-post-thumbnail","6":"product_cat-lampadas-incandescentes","8":"first","9":"instock","10":"shipping-taxable","11":"purchasable","12":"product-type-simple"},"aioseo_notices":[],"_links":{"self":[{"href":"https:\/\/www.leds2all.pt\/index.php?rest_route=\/wp\/v2\/product\/14550","targetHints":{"allow":["GET"]}}],"collection":[{"href":"https:\/\/www.leds2all.pt\/index.php?rest_route=\/wp\/v2\/product"}],"about":[{"href":"https:\/\/www.leds2all.pt\/index.php?rest_route=\/wp\/v2\/types\/product"}],"replies":[{"embeddable":true,"href":"https:\/\/www.leds2all.pt\/index.php?rest_route=%2Fwp%2Fv2%2Fcomments&post=14550"}],"wp:featuredmedia":[{"embeddable":true,"href":"https:\/\/www.leds2all.pt\/index.php?rest_route=\/wp\/v2\/media\/14551"}],"wp:attachment":[{"href":"https:\/\/www.leds2all.pt\/index.php?rest_route=%2Fwp%2Fv2%2Fmedia&parent=14550"}],"wp:term":[{"taxonomy":"product_brand","embeddable":true,"href":"https:\/\/www.leds2all.pt\/index.php?rest_route=%2Fwp%2Fv2%2Fproduct_brand&post=14550"},{"taxonomy":"product_cat","embeddable":true,"href":"https:\/\/www.leds2all.pt\/index.php?rest_route=%2Fwp%2Fv2%2Fproduct_cat&post=14550"},{"taxonomy":"product_tag","embeddable":true,"href":"https:\/\/www.leds2all.pt\/index.php?rest_route=%2Fwp%2Fv2%2Fproduct_tag&post=14550"}],"curies":[{"name":"wp","href":"https:\/\/api.w.org\/{rel}","templated":true}]}}