{"id":14678,"date":"2025-01-18T17:07:33","date_gmt":"2025-01-18T17:07:33","guid":{"rendered":"https:\/\/www.leds2all.pt\/?product=536008-1-1-25365-2-cartucho-reductor-dn-65-caleffi"},"modified":"2025-01-18T17:12:29","modified_gmt":"2025-01-18T17:12:29","slug":"536008-1-1-25365-2-cartucho-reductor-dn-65-caleffi","status":"publish","type":"product","link":"https:\/\/www.leds2all.pt\/?product=536008-1-1-25365-2-cartucho-reductor-dn-65-caleffi","title":{"rendered":"536008 1 1\/2&quot;(5365) &#8211; 2&quot; &#8211; Cartucho reductor DN 65 CALEFFI"},"content":{"rendered":"<p>Reductor de presi\u00f3n, con cartucho extra\u00edble. Cuerpo de bronce. Conexiones embridadas PN 16. Acoplamiento con contrabrida EN 1092-1. Presi\u00f3n m\u00e1xima aguas arriba: 16 bar. Presi\u00f3n de calibraci\u00f3n aguas abajo: de 0,5 a 6 bar. 6 \u00f7 10 bar bajo pedido. Tmax de funcionamiento: 80 \u00b0 C. Con man\u00f3metro doble de acero inoxidable en ba\u00f1o de glicerina: 0 \u00f7 25 bar aguas arriba 0 \u00f7 10 bares aguas abajo.<\/p>\n","protected":false},"excerpt":{"rendered":"<p>Reductor de presi\u00f3n, con cartucho extra\u00edble. Cuerpo de bronce. Conexiones embridadas PN 16. Acoplamiento con contrabrida EN 1092-1. Presi\u00f3n m\u00e1xima aguas arriba: 16 bar. Presi\u00f3n de calibraci\u00f3n aguas abajo: de 0,5 a 6 bar. 6 \u00f7 10 bar bajo pedido. Tmax de funcionamiento: 80 \u00b0 C. Con man\u00f3metro doble de acero inoxidable en ba\u00f1o de [&hellip;]<\/p>\n","protected":false},"featured_media":14679,"comment_status":"closed","ping_status":"closed","template":"","meta":{"_monsterinsights_skip_tracking":false,"_monsterinsights_sitenote_active":false,"_monsterinsights_sitenote_note":"","_monsterinsights_sitenote_category":0},"product_brand":[],"product_cat":[706],"product_tag":[],"class_list":{"0":"post-14678","1":"product","2":"type-product","3":"status-publish","4":"has-post-thumbnail","6":"product_cat-ferramentas","8":"first","9":"instock","10":"shipping-taxable","11":"purchasable","12":"product-type-simple"},"aioseo_notices":[],"_links":{"self":[{"href":"https:\/\/www.leds2all.pt\/index.php?rest_route=\/wp\/v2\/product\/14678","targetHints":{"allow":["GET"]}}],"collection":[{"href":"https:\/\/www.leds2all.pt\/index.php?rest_route=\/wp\/v2\/product"}],"about":[{"href":"https:\/\/www.leds2all.pt\/index.php?rest_route=\/wp\/v2\/types\/product"}],"replies":[{"embeddable":true,"href":"https:\/\/www.leds2all.pt\/index.php?rest_route=%2Fwp%2Fv2%2Fcomments&post=14678"}],"wp:featuredmedia":[{"embeddable":true,"href":"https:\/\/www.leds2all.pt\/index.php?rest_route=\/wp\/v2\/media\/14679"}],"wp:attachment":[{"href":"https:\/\/www.leds2all.pt\/index.php?rest_route=%2Fwp%2Fv2%2Fmedia&parent=14678"}],"wp:term":[{"taxonomy":"product_brand","embeddable":true,"href":"https:\/\/www.leds2all.pt\/index.php?rest_route=%2Fwp%2Fv2%2Fproduct_brand&post=14678"},{"taxonomy":"product_cat","embeddable":true,"href":"https:\/\/www.leds2all.pt\/index.php?rest_route=%2Fwp%2Fv2%2Fproduct_cat&post=14678"},{"taxonomy":"product_tag","embeddable":true,"href":"https:\/\/www.leds2all.pt\/index.php?rest_route=%2Fwp%2Fv2%2Fproduct_tag&post=14678"}],"curies":[{"name":"wp","href":"https:\/\/api.w.org\/{rel}","templated":true}]}}