{"id":8280,"date":"2019-03-24T03:38:37","date_gmt":"2019-03-24T03:38:37","guid":{"rendered":"https:\/\/www.leds2all.pt\/?post_type=product&#038;p=8280"},"modified":"2023-05-16T17:29:46","modified_gmt":"2023-05-16T17:29:46","slug":"lampada-led-t10-8-smd-cor-branca","status":"publish","type":"product","link":"https:\/\/www.leds2all.pt\/?product=lampada-led-t10-8-smd-cor-branca","title":{"rendered":"PACK 10 BROCAS PARA METAL F3 HSS-R DIN338 3,0&#215;33\/61 614123 FISCHER"},"content":{"rendered":"<p>brocas para metal f3 hss-r din338\u00a0 fischer. a broca flex\u00edvel de alto rendimento f3 hss-r din338 oferece ao cliente uma grande durabilidade com materiais premium que gra\u00e7as \u00e0 sua fabrica\u00e7\u00e3o consegue maior rapidez, flexibilidade e resistencia que uma broca hss-r convencional. o novo design afiado desta broca permite que a perfura\u00e7\u00e3o do metal seja muito mais r\u00e1pida e limpa que com outras brocas hss-r convencionais. a broca para metal f3 de fischer, est\u00e1 desenvolvida para perfurar a\u00e7o ou outros metais facilmente com alta flexibilidade durante a perfura\u00e7\u00e3o. a flexibilidade da broca de metal f3 consegue que esta tenha maior resist\u00eancia e dure 3 vezes mais que qualquer outra broca hss-r convencional.<\/p>\n<p>&nbsp;<\/p>\n<p>Diametros:<\/p>\n<p>1,5&#215;18\/40 614117<\/p>\n<p>2,0&#215;24\/49 614119<\/p>\n<p>2,5&#215;30\/57 614121<\/p>\n<p>3,0&#215;33\/61 614123<\/p>\n<p>4,5&#215;47\/80 614129<\/p>\n<p>5,0&#215;52\/86 614131<\/p>\n","protected":false},"excerpt":{"rendered":"<p>brocas para metal f3 hss-r din338\u00a0 fischer. a broca flex\u00edvel de alto rendimento f3 hss-r din338 oferece ao cliente uma grande durabilidade com materiais premium que gra\u00e7as \u00e0 sua fabrica\u00e7\u00e3o consegue maior rapidez, flexibilidade e resistencia que uma broca hss-r convencional. o novo design afiado desta broca permite que a perfura\u00e7\u00e3o do metal seja muito [&hellip;]<\/p>\n","protected":false},"featured_media":0,"comment_status":"open","ping_status":"closed","template":"","meta":{"_monsterinsights_skip_tracking":false,"_monsterinsights_sitenote_active":false,"_monsterinsights_sitenote_note":"","_monsterinsights_sitenote_category":0},"product_brand":[],"product_cat":[706],"product_tag":[766,767],"class_list":{"0":"post-8280","1":"product","2":"type-product","3":"status-publish","5":"product_cat-ferramentas","6":"product_tag-brocas","7":"product_tag-fisher","9":"first","10":"instock","11":"shipping-taxable","12":"product-type-external"},"aioseo_notices":[],"_links":{"self":[{"href":"https:\/\/www.leds2all.pt\/index.php?rest_route=\/wp\/v2\/product\/8280","targetHints":{"allow":["GET"]}}],"collection":[{"href":"https:\/\/www.leds2all.pt\/index.php?rest_route=\/wp\/v2\/product"}],"about":[{"href":"https:\/\/www.leds2all.pt\/index.php?rest_route=\/wp\/v2\/types\/product"}],"replies":[{"embeddable":true,"href":"https:\/\/www.leds2all.pt\/index.php?rest_route=%2Fwp%2Fv2%2Fcomments&post=8280"}],"wp:attachment":[{"href":"https:\/\/www.leds2all.pt\/index.php?rest_route=%2Fwp%2Fv2%2Fmedia&parent=8280"}],"wp:term":[{"taxonomy":"product_brand","embeddable":true,"href":"https:\/\/www.leds2all.pt\/index.php?rest_route=%2Fwp%2Fv2%2Fproduct_brand&post=8280"},{"taxonomy":"product_cat","embeddable":true,"href":"https:\/\/www.leds2all.pt\/index.php?rest_route=%2Fwp%2Fv2%2Fproduct_cat&post=8280"},{"taxonomy":"product_tag","embeddable":true,"href":"https:\/\/www.leds2all.pt\/index.php?rest_route=%2Fwp%2Fv2%2Fproduct_tag&post=8280"}],"curies":[{"name":"wp","href":"https:\/\/api.w.org\/{rel}","templated":true}]}}