{"id":8308,"date":"2019-03-25T17:29:25","date_gmt":"2019-03-25T17:29:25","guid":{"rendered":"https:\/\/www.leds2all.pt\/?post_type=product&#038;p=8308"},"modified":"2020-05-09T21:28:31","modified_gmt":"2020-05-09T21:28:31","slug":"lampada-led-e14-a60-220v-7w-branco-f-6000k","status":"publish","type":"product","link":"https:\/\/www.leds2all.pt\/?product=lampada-led-e14-a60-220v-7w-branco-f-6000k","title":{"rendered":"Lampada LED E14 A60 220V 7W Branco F. 6000K"},"content":{"rendered":"<p>&#8211; Tipo de base: E14<br \/>\n&#8211; Tens\u00e3o: 220VAC \/ 50Hz<br \/>\n&#8211; Pot\u00eancia: 7W<br \/>\n&#8211; Temperatura de cor: 6400K (branco frio);<br \/>\n&#8211; Fluxo luminoso: 595Lm<br \/>\n&#8211; N\u00e3o dim\u00e1vel<br \/>\n&#8211; Tempo para atingir fluxo luminoso m\u00e1ximo: 0s<\/p>\n","protected":false},"excerpt":{"rendered":"<p>&#8211; Tipo de base: E14 &#8211; Tens\u00e3o: 220VAC \/ 50Hz &#8211; Pot\u00eancia: 7W &#8211; Temperatura de cor: 6400K (branco frio); &#8211; Fluxo luminoso: 595Lm &#8211; N\u00e3o dim\u00e1vel &#8211; Tempo para atingir fluxo luminoso m\u00e1ximo: 0s<\/p>\n","protected":false},"featured_media":0,"comment_status":"open","ping_status":"closed","template":"","meta":{"_monsterinsights_skip_tracking":false,"_monsterinsights_sitenote_active":false,"_monsterinsights_sitenote_note":"","_monsterinsights_sitenote_category":0},"product_brand":[],"product_cat":[321],"product_tag":[330,329,326],"class_list":{"0":"post-8308","1":"product","2":"type-product","3":"status-publish","5":"product_cat-e14","6":"product_tag-6400k","7":"product_tag-7w","8":"product_tag-e14","10":"first","11":"instock","12":"shipping-taxable","13":"product-type-simple"},"aioseo_notices":[],"_links":{"self":[{"href":"https:\/\/www.leds2all.pt\/index.php?rest_route=\/wp\/v2\/product\/8308","targetHints":{"allow":["GET"]}}],"collection":[{"href":"https:\/\/www.leds2all.pt\/index.php?rest_route=\/wp\/v2\/product"}],"about":[{"href":"https:\/\/www.leds2all.pt\/index.php?rest_route=\/wp\/v2\/types\/product"}],"replies":[{"embeddable":true,"href":"https:\/\/www.leds2all.pt\/index.php?rest_route=%2Fwp%2Fv2%2Fcomments&post=8308"}],"wp:attachment":[{"href":"https:\/\/www.leds2all.pt\/index.php?rest_route=%2Fwp%2Fv2%2Fmedia&parent=8308"}],"wp:term":[{"taxonomy":"product_brand","embeddable":true,"href":"https:\/\/www.leds2all.pt\/index.php?rest_route=%2Fwp%2Fv2%2Fproduct_brand&post=8308"},{"taxonomy":"product_cat","embeddable":true,"href":"https:\/\/www.leds2all.pt\/index.php?rest_route=%2Fwp%2Fv2%2Fproduct_cat&post=8308"},{"taxonomy":"product_tag","embeddable":true,"href":"https:\/\/www.leds2all.pt\/index.php?rest_route=%2Fwp%2Fv2%2Fproduct_tag&post=8308"}],"curies":[{"name":"wp","href":"https:\/\/api.w.org\/{rel}","templated":true}]}}