{"id":8325,"date":"2019-03-25T18:11:31","date_gmt":"2019-03-25T18:11:31","guid":{"rendered":"https:\/\/www.leds2all.pt\/?post_type=product&#038;p=8325"},"modified":"2021-12-04T18:51:59","modified_gmt":"2021-12-04T18:51:59","slug":"lampada-led-espiral-220v-e14-b5-11w-branco-q-3000k","status":"publish","type":"product","link":"https:\/\/www.leds2all.pt\/?product=lampada-led-espiral-220v-e14-b5-11w-branco-q-3000k","title":{"rendered":"Lampada LED Espiral 220V E14 B5 11W Branco Q. 3000K"},"content":{"rendered":"<p>&#8211; Tipo: E14<br \/>\n&#8211; Tens\u00e3o: 230VAC<br \/>\n&#8211; Pot\u00eancia: 11W (equivale a l\u00e2mpadas tradicionais de 95W);<br \/>\n&#8211; Temperatura de cor: 3000\u00b1200K (branco quente);<br \/>\n&#8211; Fluxo luminoso: 950lm<br \/>\n&#8211; N\u00e3o dim\u00e1vel<br \/>\n&#8211; Tempo para atingir fluxo luminoso m\u00e1ximo: 0s<br \/>\n&#8211; \u00c2ngulo de abertura: 360\u00ba<br \/>\n&#8211; Classe energ\u00e9tica: A+<br \/>\n&#8211; Dimens\u00f5es: \u00d849x133mm<\/p>\n","protected":false},"excerpt":{"rendered":"<p>&#8211; Tipo: E14 &#8211; Tens\u00e3o: 230VAC &#8211; Pot\u00eancia: 11W (equivale a l\u00e2mpadas tradicionais de 95W); &#8211; Temperatura de cor: 3000\u00b1200K (branco quente); &#8211; Fluxo luminoso: 950lm &#8211; N\u00e3o dim\u00e1vel &#8211; Tempo para atingir fluxo luminoso m\u00e1ximo: 0s &#8211; \u00c2ngulo de abertura: 360\u00ba &#8211; Classe energ\u00e9tica: A+ &#8211; Dimens\u00f5es: \u00d849x133mm<\/p>\n","protected":false},"featured_media":0,"comment_status":"open","ping_status":"closed","template":"","meta":{"_monsterinsights_skip_tracking":false,"_monsterinsights_sitenote_active":false,"_monsterinsights_sitenote_note":"","_monsterinsights_sitenote_category":0},"product_brand":[],"product_cat":[321],"product_tag":[332,327,326],"class_list":{"0":"post-8325","1":"product","2":"type-product","3":"status-publish","5":"product_cat-e14","6":"product_tag-11w","7":"product_tag-3000k","8":"product_tag-e14","10":"first","11":"instock","12":"shipping-taxable","13":"product-type-simple"},"aioseo_notices":[],"_links":{"self":[{"href":"https:\/\/www.leds2all.pt\/index.php?rest_route=\/wp\/v2\/product\/8325","targetHints":{"allow":["GET"]}}],"collection":[{"href":"https:\/\/www.leds2all.pt\/index.php?rest_route=\/wp\/v2\/product"}],"about":[{"href":"https:\/\/www.leds2all.pt\/index.php?rest_route=\/wp\/v2\/types\/product"}],"replies":[{"embeddable":true,"href":"https:\/\/www.leds2all.pt\/index.php?rest_route=%2Fwp%2Fv2%2Fcomments&post=8325"}],"wp:attachment":[{"href":"https:\/\/www.leds2all.pt\/index.php?rest_route=%2Fwp%2Fv2%2Fmedia&parent=8325"}],"wp:term":[{"taxonomy":"product_brand","embeddable":true,"href":"https:\/\/www.leds2all.pt\/index.php?rest_route=%2Fwp%2Fv2%2Fproduct_brand&post=8325"},{"taxonomy":"product_cat","embeddable":true,"href":"https:\/\/www.leds2all.pt\/index.php?rest_route=%2Fwp%2Fv2%2Fproduct_cat&post=8325"},{"taxonomy":"product_tag","embeddable":true,"href":"https:\/\/www.leds2all.pt\/index.php?rest_route=%2Fwp%2Fv2%2Fproduct_tag&post=8325"}],"curies":[{"name":"wp","href":"https:\/\/api.w.org\/{rel}","templated":true}]}}