{"id":8333,"date":"2019-03-25T21:07:28","date_gmt":"2019-03-25T21:07:28","guid":{"rendered":"https:\/\/www.leds2all.pt\/?post_type=product&#038;p=8333"},"modified":"2026-01-30T09:29:38","modified_gmt":"2026-01-30T09:29:38","slug":"lampada-led-c37-220v-e14-7w-branco-f-6000k","status":"publish","type":"product","link":"https:\/\/www.leds2all.pt\/?product=lampada-led-c37-220v-e14-7w-branco-f-6000k","title":{"rendered":"Lampada LED C37 220V E14"},"content":{"rendered":"<h1 class=\"a-size-base-plus a-text-bold\">Sobre este produto<\/h1>\n<ul class=\"a-unordered-list a-vertical a-spacing-mini\">\n<li class=\"a-spacing-mini\"><span class=\"a-list-item\">Economia de energia: as l\u00e2mpadas LED Aigostar causam uma economia de energia de 80% em compara\u00e7\u00e3o com as l\u00e2mpadas incandescentes tradicionais, economizando na sua fatura<\/span><\/li>\n<li class=\"a-spacing-mini\"><span class=\"a-list-item\">Alto brilho: luz LED de alta qualidade. N\u00e3o ter\u00e1 de esperar que se aquecam. 1 unidade E14 l\u00e2mpadas LED n\u00e3o regul\u00e1vel sem cintila\u00e7\u00e3o, luz homog\u00e9nea<\/span><\/li>\n<li class=\"a-spacing-mini\"><span class=\"a-list-item\">Luz natural: estas l\u00e2mpadas C37 da Aigostar t\u00eam um CRI (\u00edndice de reprodu\u00e7\u00e3o crom\u00e1tica) CRI&gt; 80, garantindo ilumina\u00e7\u00e3o natural, tendo como refer\u00eancia uma fonte de luz natural<\/span><\/li>\n<li class=\"a-spacing-mini\"><span class=\"a-list-item\">F\u00e1cil de instalar: basta desaparafusar a sua l\u00e2mpada incandescente antiga para enroscar a sua nova l\u00e2mpada LED em qualquer base com rosca fina (E14) e a sua l\u00e2mpada LED estar\u00e1 a funcionar em qualquer candeeiro ou flexo<\/span><\/li>\n<li class=\"a-spacing-mini\"><span class=\"a-list-item\">Qualidade garantida: as l\u00e2mpadas LED Aigostar s\u00e3o uma maneira eficiente de iluminar e economizar energia. Se tiver alguma d\u00favida sobre os nossos produtos, n\u00e3o hesite em entrar em contacto connosco e teremos o maior prazer em ajud\u00e1-lo<\/span><\/li>\n<\/ul>\n","protected":false},"excerpt":{"rendered":"<p>Sobre este produto Economia de energia: as l\u00e2mpadas LED Aigostar causam uma economia de energia de 80% em compara\u00e7\u00e3o com as l\u00e2mpadas incandescentes tradicionais, economizando na sua fatura Alto brilho: luz LED de alta qualidade. N\u00e3o ter\u00e1 de esperar que se aquecam. 1 unidade E14 l\u00e2mpadas LED n\u00e3o regul\u00e1vel sem cintila\u00e7\u00e3o, luz homog\u00e9nea Luz natural: [&hellip;]<\/p>\n","protected":false},"featured_media":13740,"comment_status":"open","ping_status":"closed","template":"","meta":{"_monsterinsights_skip_tracking":false,"_monsterinsights_sitenote_active":false,"_monsterinsights_sitenote_note":"","_monsterinsights_sitenote_category":0},"product_brand":[],"product_cat":[321],"product_tag":[335,437,336,334,330,328,329,333,326],"class_list":{"0":"post-8333","1":"product","2":"type-product","3":"status-publish","4":"has-post-thumbnail","6":"product_cat-e14","7":"product_tag-10w","8":"product_tag-3500k","9":"product_tag-4000k","10":"product_tag-4w","11":"product_tag-6400k","12":"product_tag-6w","13":"product_tag-7w","14":"product_tag-9w","15":"product_tag-e14","17":"first","18":"instock","19":"shipping-taxable","20":"purchasable","21":"product-type-variable"},"aioseo_notices":[],"_links":{"self":[{"href":"https:\/\/www.leds2all.pt\/index.php?rest_route=\/wp\/v2\/product\/8333","targetHints":{"allow":["GET"]}}],"collection":[{"href":"https:\/\/www.leds2all.pt\/index.php?rest_route=\/wp\/v2\/product"}],"about":[{"href":"https:\/\/www.leds2all.pt\/index.php?rest_route=\/wp\/v2\/types\/product"}],"replies":[{"embeddable":true,"href":"https:\/\/www.leds2all.pt\/index.php?rest_route=%2Fwp%2Fv2%2Fcomments&post=8333"}],"wp:featuredmedia":[{"embeddable":true,"href":"https:\/\/www.leds2all.pt\/index.php?rest_route=\/wp\/v2\/media\/13740"}],"wp:attachment":[{"href":"https:\/\/www.leds2all.pt\/index.php?rest_route=%2Fwp%2Fv2%2Fmedia&parent=8333"}],"wp:term":[{"taxonomy":"product_brand","embeddable":true,"href":"https:\/\/www.leds2all.pt\/index.php?rest_route=%2Fwp%2Fv2%2Fproduct_brand&post=8333"},{"taxonomy":"product_cat","embeddable":true,"href":"https:\/\/www.leds2all.pt\/index.php?rest_route=%2Fwp%2Fv2%2Fproduct_cat&post=8333"},{"taxonomy":"product_tag","embeddable":true,"href":"https:\/\/www.leds2all.pt\/index.php?rest_route=%2Fwp%2Fv2%2Fproduct_tag&post=8333"}],"curies":[{"name":"wp","href":"https:\/\/api.w.org\/{rel}","templated":true}]}}