{"id":8335,"date":"2019-03-25T21:26:45","date_gmt":"2019-03-25T21:26:45","guid":{"rendered":"https:\/\/www.leds2all.pt\/?post_type=product&#038;p=8335"},"modified":"2023-08-11T13:19:01","modified_gmt":"2023-08-11T13:19:01","slug":"lampada-led-opalina-220v-e14-9w-branco-f-6000k","status":"publish","type":"product","link":"https:\/\/www.leds2all.pt\/?product=lampada-led-opalina-220v-e14-9w-branco-f-6000k","title":{"rendered":"Lampada LED Opalina 220V E14 9W Branco f. 6000K"},"content":{"rendered":"<p>N\u00famero de l\u00famens: 720 lm<br \/>\nConsumo de energia: 9 W<br \/>\nTempo de vida: 30 000 horas<br \/>\nTom: branco quente<br \/>\nTemperatura de cor: 6000 K<br \/>\nTens\u00e3o de trabalho: 170 &#8211; 250 V (50 &#8211; 60 Hz);<\/p>\n","protected":false},"excerpt":{"rendered":"<p>N\u00famero de l\u00famens: 720 lm Consumo de energia: 9 W Tempo de vida: 30 000 horas Tom: branco quente Temperatura de cor: 6000 K Tens\u00e3o de trabalho: 170 &#8211; 250 V (50 &#8211; 60 Hz);<\/p>\n","protected":false},"featured_media":0,"comment_status":"open","ping_status":"closed","template":"","meta":{"_monsterinsights_skip_tracking":false,"_monsterinsights_sitenote_active":false,"_monsterinsights_sitenote_note":"","_monsterinsights_sitenote_category":0},"product_brand":[],"product_cat":[321],"product_tag":[339,333,326],"class_list":{"0":"post-8335","1":"product","2":"type-product","3":"status-publish","5":"product_cat-e14","6":"product_tag-6000k","7":"product_tag-9w","8":"product_tag-e14","10":"first","11":"instock","12":"shipping-taxable","13":"product-type-simple"},"aioseo_notices":[],"_links":{"self":[{"href":"https:\/\/www.leds2all.pt\/index.php?rest_route=\/wp\/v2\/product\/8335","targetHints":{"allow":["GET"]}}],"collection":[{"href":"https:\/\/www.leds2all.pt\/index.php?rest_route=\/wp\/v2\/product"}],"about":[{"href":"https:\/\/www.leds2all.pt\/index.php?rest_route=\/wp\/v2\/types\/product"}],"replies":[{"embeddable":true,"href":"https:\/\/www.leds2all.pt\/index.php?rest_route=%2Fwp%2Fv2%2Fcomments&post=8335"}],"wp:attachment":[{"href":"https:\/\/www.leds2all.pt\/index.php?rest_route=%2Fwp%2Fv2%2Fmedia&parent=8335"}],"wp:term":[{"taxonomy":"product_brand","embeddable":true,"href":"https:\/\/www.leds2all.pt\/index.php?rest_route=%2Fwp%2Fv2%2Fproduct_brand&post=8335"},{"taxonomy":"product_cat","embeddable":true,"href":"https:\/\/www.leds2all.pt\/index.php?rest_route=%2Fwp%2Fv2%2Fproduct_cat&post=8335"},{"taxonomy":"product_tag","embeddable":true,"href":"https:\/\/www.leds2all.pt\/index.php?rest_route=%2Fwp%2Fv2%2Fproduct_tag&post=8335"}],"curies":[{"name":"wp","href":"https:\/\/api.w.org\/{rel}","templated":true}]}}