{"id":8366,"date":"2019-03-26T16:08:54","date_gmt":"2019-03-26T16:08:54","guid":{"rendered":"https:\/\/www.leds2all.pt\/?post_type=product&#038;p=8366"},"modified":"2021-02-19T15:11:42","modified_gmt":"2021-02-19T15:11:42","slug":"lampada-led-e14-220v-2w-120lm-laranja","status":"publish","type":"product","link":"https:\/\/www.leds2all.pt\/?product=lampada-led-e14-220v-2w-120lm-laranja","title":{"rendered":"Lampada LED E14 220V 4W &#8211; Laranja"},"content":{"rendered":"<p>&#8211; Alimenta\u00e7\u00e3o: 220V<br \/>\n&#8211; Pot\u00eancia: 4W<\/p>\n<p>D45*H80mm<\/p>\n","protected":false},"excerpt":{"rendered":"<p>&#8211; Alimenta\u00e7\u00e3o: 220V &#8211; Pot\u00eancia: 4W D45*H80mm<\/p>\n","protected":false},"featured_media":0,"comment_status":"open","ping_status":"closed","template":"","meta":{"_monsterinsights_skip_tracking":false,"_monsterinsights_sitenote_active":false,"_monsterinsights_sitenote_note":"","_monsterinsights_sitenote_category":0},"product_brand":[],"product_cat":[321],"product_tag":[334,326,310],"class_list":{"0":"post-8366","1":"product","2":"type-product","3":"status-publish","5":"product_cat-e14","6":"product_tag-4w","7":"product_tag-e14","8":"product_tag-laranja","10":"first","11":"instock","12":"shipping-taxable","13":"product-type-simple"},"aioseo_notices":[],"_links":{"self":[{"href":"https:\/\/www.leds2all.pt\/index.php?rest_route=\/wp\/v2\/product\/8366","targetHints":{"allow":["GET"]}}],"collection":[{"href":"https:\/\/www.leds2all.pt\/index.php?rest_route=\/wp\/v2\/product"}],"about":[{"href":"https:\/\/www.leds2all.pt\/index.php?rest_route=\/wp\/v2\/types\/product"}],"replies":[{"embeddable":true,"href":"https:\/\/www.leds2all.pt\/index.php?rest_route=%2Fwp%2Fv2%2Fcomments&post=8366"}],"wp:attachment":[{"href":"https:\/\/www.leds2all.pt\/index.php?rest_route=%2Fwp%2Fv2%2Fmedia&parent=8366"}],"wp:term":[{"taxonomy":"product_brand","embeddable":true,"href":"https:\/\/www.leds2all.pt\/index.php?rest_route=%2Fwp%2Fv2%2Fproduct_brand&post=8366"},{"taxonomy":"product_cat","embeddable":true,"href":"https:\/\/www.leds2all.pt\/index.php?rest_route=%2Fwp%2Fv2%2Fproduct_cat&post=8366"},{"taxonomy":"product_tag","embeddable":true,"href":"https:\/\/www.leds2all.pt\/index.php?rest_route=%2Fwp%2Fv2%2Fproduct_tag&post=8366"}],"curies":[{"name":"wp","href":"https:\/\/api.w.org\/{rel}","templated":true}]}}