{"id":8380,"date":"2019-03-26T17:24:39","date_gmt":"2019-03-26T10:24:39","guid":{"rendered":"https:\/\/www.leds2all.pt\/?post_type=product&#038;p=8380"},"modified":"2020-05-14T15:59:54","modified_gmt":"2020-05-14T15:59:54","slug":"lampada-led-e14-filamento-220v-4w-branco-f-6000k-3","status":"publish","type":"product","link":"https:\/\/www.leds2all.pt\/?product=lampada-led-e14-filamento-220v-4w-branco-f-6000k-3","title":{"rendered":"Lampada LED E14 &#8220;Filamento&#8221; 220V 4W Branco F. 6000K"},"content":{"rendered":"<p>&#8211; Tipo de base: E14<br \/>\n&#8211; Tens\u00e3o: 220VAC \/ 50Hz<br \/>\n&#8211; Pot\u00eancia: 4W<br \/>\n&#8211; Temperatura de cor: 6400K (branco frio);<br \/>\n&#8211; Fluxo luminoso: 470Lm<br \/>\n&#8211; Tempo para atingir fluxo luminoso m\u00e1ximo: 0s<br \/>\n&#8211; Dimens\u00f5es: D45\u00d775 mm<\/p>\n","protected":false},"excerpt":{"rendered":"<p>&#8211; Tipo de base: E14 &#8211; Tens\u00e3o: 220VAC \/ 50Hz &#8211; Pot\u00eancia: 4W &#8211; Temperatura de cor: 6400K (branco frio); &#8211; Fluxo luminoso: 470Lm &#8211; Tempo para atingir fluxo luminoso m\u00e1ximo: 0s &#8211; Dimens\u00f5es: D45\u00d775 mm<\/p>\n","protected":false},"featured_media":0,"comment_status":"open","ping_status":"closed","template":"","meta":{"_monsterinsights_skip_tracking":false,"_monsterinsights_sitenote_active":false,"_monsterinsights_sitenote_note":"","_monsterinsights_sitenote_category":0},"product_brand":[],"product_cat":[321],"product_tag":[334,339,326],"class_list":{"0":"post-8380","1":"product","2":"type-product","3":"status-publish","5":"product_cat-e14","6":"product_tag-4w","7":"product_tag-6000k","8":"product_tag-e14","10":"first","11":"instock","12":"shipping-taxable","13":"product-type-simple"},"aioseo_notices":[],"_links":{"self":[{"href":"https:\/\/www.leds2all.pt\/index.php?rest_route=\/wp\/v2\/product\/8380","targetHints":{"allow":["GET"]}}],"collection":[{"href":"https:\/\/www.leds2all.pt\/index.php?rest_route=\/wp\/v2\/product"}],"about":[{"href":"https:\/\/www.leds2all.pt\/index.php?rest_route=\/wp\/v2\/types\/product"}],"replies":[{"embeddable":true,"href":"https:\/\/www.leds2all.pt\/index.php?rest_route=%2Fwp%2Fv2%2Fcomments&post=8380"}],"wp:attachment":[{"href":"https:\/\/www.leds2all.pt\/index.php?rest_route=%2Fwp%2Fv2%2Fmedia&parent=8380"}],"wp:term":[{"taxonomy":"product_brand","embeddable":true,"href":"https:\/\/www.leds2all.pt\/index.php?rest_route=%2Fwp%2Fv2%2Fproduct_brand&post=8380"},{"taxonomy":"product_cat","embeddable":true,"href":"https:\/\/www.leds2all.pt\/index.php?rest_route=%2Fwp%2Fv2%2Fproduct_cat&post=8380"},{"taxonomy":"product_tag","embeddable":true,"href":"https:\/\/www.leds2all.pt\/index.php?rest_route=%2Fwp%2Fv2%2Fproduct_tag&post=8380"}],"curies":[{"name":"wp","href":"https:\/\/api.w.org\/{rel}","templated":true}]}}