{"id":8384,"date":"2019-03-26T17:32:00","date_gmt":"2019-03-26T17:32:00","guid":{"rendered":"https:\/\/www.leds2all.pt\/?post_type=product&#038;p=8384"},"modified":"2024-06-06T16:55:38","modified_gmt":"2024-06-06T16:55:38","slug":"lampada-led-220v-e14-4w-branco-f-6000k-260lm","status":"publish","type":"product","link":"https:\/\/www.leds2all.pt\/?product=lampada-led-220v-e14-4w-branco-f-6000k-260lm","title":{"rendered":"Lampada LED E14 220V G45"},"content":{"rendered":"<h1 class=\"a-size-base-plus a-text-bold\">Sobre este produto<\/h1>\n<ul class=\"a-unordered-list a-vertical a-spacing-mini\">\n<li class=\"a-spacing-mini\"><span class=\"a-list-item\">Especifica\u00e7\u00f5es: l\u00e2mpadas LED padr\u00e3o G45 com casquilho E14.\u00a0<\/span><\/li>\n<li class=\"a-spacing-mini\"><span class=\"a-list-item\">Alta efici\u00eancia: a luz LED consome 80% menos energia do que as l\u00e2mpadas incandescentes<\/span><\/li>\n<li class=\"a-spacing-mini\"><span class=\"a-list-item\">Liga\u00e7\u00e3o instant\u00e2nea\/IRC de alta qualidade: n\u00e3o ter\u00e1 de esperar que aque\u00e7am. O CRI das l\u00e2mpadas LED da Aigostar \u00e9 sempre superior a 80, perto do valor do sol, refletindo as cores de forma real e natural.<\/span><\/li>\n<li class=\"a-spacing-mini\"><span class=\"a-list-item\">F\u00e1cil de instalar: perfeitas para todos os tipos de estilos, tanto em resid\u00eancias, como em escrit\u00f3rios e lojas. F\u00e1cil de instalar, compat\u00edveis com todos os tipos de candeeiros (de mesa, de p\u00e9 e de teto).\u00a0<\/span><\/li>\n<\/ul>\n","protected":false},"excerpt":{"rendered":"<p>Sobre este produto Especifica\u00e7\u00f5es: l\u00e2mpadas LED padr\u00e3o G45 com casquilho E14.\u00a0 Alta efici\u00eancia: a luz LED consome 80% menos energia do que as l\u00e2mpadas incandescentes Liga\u00e7\u00e3o instant\u00e2nea\/IRC de alta qualidade: n\u00e3o ter\u00e1 de esperar que aque\u00e7am. O CRI das l\u00e2mpadas LED da Aigostar \u00e9 sempre superior a 80, perto do valor do sol, refletindo as [&hellip;]<\/p>\n","protected":false},"featured_media":14051,"comment_status":"open","ping_status":"closed","template":"","meta":{"_monsterinsights_skip_tracking":false,"_monsterinsights_sitenote_active":false,"_monsterinsights_sitenote_note":"","_monsterinsights_sitenote_category":0},"product_brand":[],"product_cat":[321],"product_tag":[334,339,326],"class_list":{"0":"post-8384","1":"product","2":"type-product","3":"status-publish","4":"has-post-thumbnail","6":"product_cat-e14","7":"product_tag-4w","8":"product_tag-6000k","9":"product_tag-e14","11":"first","12":"instock","13":"shipping-taxable","14":"purchasable","15":"product-type-variable"},"aioseo_notices":[],"_links":{"self":[{"href":"https:\/\/www.leds2all.pt\/index.php?rest_route=\/wp\/v2\/product\/8384","targetHints":{"allow":["GET"]}}],"collection":[{"href":"https:\/\/www.leds2all.pt\/index.php?rest_route=\/wp\/v2\/product"}],"about":[{"href":"https:\/\/www.leds2all.pt\/index.php?rest_route=\/wp\/v2\/types\/product"}],"replies":[{"embeddable":true,"href":"https:\/\/www.leds2all.pt\/index.php?rest_route=%2Fwp%2Fv2%2Fcomments&post=8384"}],"wp:featuredmedia":[{"embeddable":true,"href":"https:\/\/www.leds2all.pt\/index.php?rest_route=\/wp\/v2\/media\/14051"}],"wp:attachment":[{"href":"https:\/\/www.leds2all.pt\/index.php?rest_route=%2Fwp%2Fv2%2Fmedia&parent=8384"}],"wp:term":[{"taxonomy":"product_brand","embeddable":true,"href":"https:\/\/www.leds2all.pt\/index.php?rest_route=%2Fwp%2Fv2%2Fproduct_brand&post=8384"},{"taxonomy":"product_cat","embeddable":true,"href":"https:\/\/www.leds2all.pt\/index.php?rest_route=%2Fwp%2Fv2%2Fproduct_cat&post=8384"},{"taxonomy":"product_tag","embeddable":true,"href":"https:\/\/www.leds2all.pt\/index.php?rest_route=%2Fwp%2Fv2%2Fproduct_tag&post=8384"}],"curies":[{"name":"wp","href":"https:\/\/api.w.org\/{rel}","templated":true}]}}