{"id":8394,"date":"2019-03-26T18:27:53","date_gmt":"2019-03-26T18:27:53","guid":{"rendered":"https:\/\/www.leds2all.pt\/?post_type=product&#038;p=8394"},"modified":"2023-10-13T17:13:05","modified_gmt":"2023-10-13T17:13:05","slug":"lampada-led-opalina-220v-e14-7w-branco-q-3000k-2","status":"publish","type":"product","link":"https:\/\/www.leds2all.pt\/?product=lampada-led-opalina-220v-e14-7w-branco-q-3000k-2","title":{"rendered":"Lampada LED Opalina 220V E14 7W Branco Q. 3000K"},"content":{"rendered":"<p>&#8211; Tipo de base: E14<br \/>\n&#8211; Tens\u00e3o: 230V<br \/>\n&#8211; Pot\u00eancia: 7W<br \/>\n&#8211; Temperatura de cor: 3200K (branco quente);<br \/>\n&#8211; Fluxo luminoso: 520lm<br \/>\n&#8211; N\u00e3o dim\u00e1vel<br \/>\n&#8211; Tempo para atingir fluxo luminoso m\u00e1ximo: 0s<br \/>\n&#8211; \u00c2ngulo de abertura: 180\u00ba<br \/>\n&#8211; Classe energ\u00e9tica: A+<\/p>\n<p>Dimens\u00f5es: \u00d845x91mm<\/p>\n","protected":false},"excerpt":{"rendered":"<p>&#8211; Tipo de base: E14 &#8211; Tens\u00e3o: 230V &#8211; Pot\u00eancia: 7W &#8211; Temperatura de cor: 3200K (branco quente); &#8211; Fluxo luminoso: 520lm &#8211; N\u00e3o dim\u00e1vel &#8211; Tempo para atingir fluxo luminoso m\u00e1ximo: 0s &#8211; \u00c2ngulo de abertura: 180\u00ba &#8211; Classe energ\u00e9tica: A+ Dimens\u00f5es: \u00d845x91mm<\/p>\n","protected":false},"featured_media":0,"comment_status":"open","ping_status":"closed","template":"","meta":{"_monsterinsights_skip_tracking":false,"_monsterinsights_sitenote_active":false,"_monsterinsights_sitenote_note":"","_monsterinsights_sitenote_category":0},"product_brand":[],"product_cat":[321],"product_tag":[327,329,326],"class_list":{"0":"post-8394","1":"product","2":"type-product","3":"status-publish","5":"product_cat-e14","6":"product_tag-3000k","7":"product_tag-7w","8":"product_tag-e14","10":"first","11":"instock","12":"shipping-taxable","13":"product-type-simple"},"aioseo_notices":[],"_links":{"self":[{"href":"https:\/\/www.leds2all.pt\/index.php?rest_route=\/wp\/v2\/product\/8394","targetHints":{"allow":["GET"]}}],"collection":[{"href":"https:\/\/www.leds2all.pt\/index.php?rest_route=\/wp\/v2\/product"}],"about":[{"href":"https:\/\/www.leds2all.pt\/index.php?rest_route=\/wp\/v2\/types\/product"}],"replies":[{"embeddable":true,"href":"https:\/\/www.leds2all.pt\/index.php?rest_route=%2Fwp%2Fv2%2Fcomments&post=8394"}],"wp:attachment":[{"href":"https:\/\/www.leds2all.pt\/index.php?rest_route=%2Fwp%2Fv2%2Fmedia&parent=8394"}],"wp:term":[{"taxonomy":"product_brand","embeddable":true,"href":"https:\/\/www.leds2all.pt\/index.php?rest_route=%2Fwp%2Fv2%2Fproduct_brand&post=8394"},{"taxonomy":"product_cat","embeddable":true,"href":"https:\/\/www.leds2all.pt\/index.php?rest_route=%2Fwp%2Fv2%2Fproduct_cat&post=8394"},{"taxonomy":"product_tag","embeddable":true,"href":"https:\/\/www.leds2all.pt\/index.php?rest_route=%2Fwp%2Fv2%2Fproduct_tag&post=8394"}],"curies":[{"name":"wp","href":"https:\/\/api.w.org\/{rel}","templated":true}]}}