{"id":8396,"date":"2019-03-26T18:32:47","date_gmt":"2019-03-26T18:32:47","guid":{"rendered":"https:\/\/www.leds2all.pt\/?post_type=product&#038;p=8396"},"modified":"2024-02-23T11:57:04","modified_gmt":"2024-02-23T11:57:04","slug":"lampada-led-opalina-220v-e14-7w-branco-f-6000k-2","status":"publish","type":"product","link":"https:\/\/www.leds2all.pt\/?product=lampada-led-opalina-220v-e14-7w-branco-f-6000k-2","title":{"rendered":"Lampada LED Opalina 220V E14 7W Branco F. 6000K"},"content":{"rendered":"<h1 class=\"a-size-base-plus a-text-bold\">Sobre este produto<\/h1>\n<ul class=\"a-unordered-list a-vertical a-spacing-mini\">\n<li class=\"a-spacing-mini\"><span class=\"a-list-item\">Embalagem redesenhada: a nossa embalagem foi atualizada e redesenhada com caixas mais seguras para evitar incid\u00eancias durante o transporte, evitando quebras ou l\u00e2mpadas fundidas devido a impactos.<\/span><\/li>\n<li class=\"a-spacing-mini\"><span class=\"a-list-item\">Caracter\u00edsticas: l\u00e2mpadas modelo cl\u00e1ssico A5 G45 da Aigostar com CRI&gt; 80, garantindo ilumina\u00e7\u00e3o natural, casquilho fino E14. N\u00e3o regul\u00e1veis.<\/span><\/li>\n<li class=\"a-spacing-mini\"><span class=\"a-list-item\">Economia de energia: as l\u00e2mpadas LED Aigostar causam uma economia de energia de 80% em compara\u00e7\u00e3o com as l\u00e2mpadas incandescentes tradicionais, economizando na sua conta.<\/span><\/li>\n<li class=\"a-spacing-mini\"><span class=\"a-list-item\">F\u00e1cil de instalar: basta desaparafusar a sua l\u00e2mpada incandescente antiga para enroscar a sua nova l\u00e2mpada LED em qualquer base com rosca fina (E14) e a sua l\u00e2mpada LED estar\u00e1 a funcionar em qualquer l\u00e2mpada ou flexo.<\/span><\/li>\n<li class=\"a-spacing-mini\"><span class=\"a-list-item\">Qualidade garantida: a legisla\u00e7\u00e3o da marca de rotulagem energ\u00e9tica da UE reintroduz uma classifica\u00e7\u00e3o mais simples, utilizando apenas as letras de A G. Os nossos produtos cumprem as normas da estrutura de rotulagem energ\u00e9tica da UE. A classe de efici\u00eancia energ\u00e9tica F corresponde aos produtos A+, ainda melhor do que os produtos A+.<\/span><\/li>\n<\/ul>\n","protected":false},"excerpt":{"rendered":"<p>Sobre este produto Embalagem redesenhada: a nossa embalagem foi atualizada e redesenhada com caixas mais seguras para evitar incid\u00eancias durante o transporte, evitando quebras ou l\u00e2mpadas fundidas devido a impactos. Caracter\u00edsticas: l\u00e2mpadas modelo cl\u00e1ssico A5 G45 da Aigostar com CRI&gt; 80, garantindo ilumina\u00e7\u00e3o natural, casquilho fino E14. N\u00e3o regul\u00e1veis. Economia de energia: as l\u00e2mpadas LED [&hellip;]<\/p>\n","protected":false},"featured_media":0,"comment_status":"open","ping_status":"closed","template":"","meta":{"_monsterinsights_skip_tracking":false,"_monsterinsights_sitenote_active":false,"_monsterinsights_sitenote_note":"","_monsterinsights_sitenote_category":0},"product_brand":[],"product_cat":[321],"product_tag":[339,329,326],"class_list":{"0":"post-8396","1":"product","2":"type-product","3":"status-publish","5":"product_cat-e14","6":"product_tag-6000k","7":"product_tag-7w","8":"product_tag-e14","10":"first","11":"instock","12":"shipping-taxable","13":"product-type-simple"},"aioseo_notices":[],"_links":{"self":[{"href":"https:\/\/www.leds2all.pt\/index.php?rest_route=\/wp\/v2\/product\/8396","targetHints":{"allow":["GET"]}}],"collection":[{"href":"https:\/\/www.leds2all.pt\/index.php?rest_route=\/wp\/v2\/product"}],"about":[{"href":"https:\/\/www.leds2all.pt\/index.php?rest_route=\/wp\/v2\/types\/product"}],"replies":[{"embeddable":true,"href":"https:\/\/www.leds2all.pt\/index.php?rest_route=%2Fwp%2Fv2%2Fcomments&post=8396"}],"wp:attachment":[{"href":"https:\/\/www.leds2all.pt\/index.php?rest_route=%2Fwp%2Fv2%2Fmedia&parent=8396"}],"wp:term":[{"taxonomy":"product_brand","embeddable":true,"href":"https:\/\/www.leds2all.pt\/index.php?rest_route=%2Fwp%2Fv2%2Fproduct_brand&post=8396"},{"taxonomy":"product_cat","embeddable":true,"href":"https:\/\/www.leds2all.pt\/index.php?rest_route=%2Fwp%2Fv2%2Fproduct_cat&post=8396"},{"taxonomy":"product_tag","embeddable":true,"href":"https:\/\/www.leds2all.pt\/index.php?rest_route=%2Fwp%2Fv2%2Fproduct_tag&post=8396"}],"curies":[{"name":"wp","href":"https:\/\/api.w.org\/{rel}","templated":true}]}}