{"id":8496,"date":"2019-04-03T00:18:48","date_gmt":"2019-04-03T00:18:48","guid":{"rendered":"https:\/\/www.leds2all.pt\/?post_type=product&#038;p=8496"},"modified":"2024-07-22T10:53:34","modified_gmt":"2024-07-22T10:53:34","slug":"lampada-led-e27-a65-220v-15w-branco-f-6000k","status":"publish","type":"product","link":"https:\/\/www.leds2all.pt\/?product=lampada-led-e27-a65-220v-15w-branco-f-6000k","title":{"rendered":"Lampada LED E27 A65 220V 15W Branco F. 6000K"},"content":{"rendered":"<h1 class=\"a-size-base-plus a-text-bold\">CorSobre este produto<\/h1>\n<ul class=\"a-unordered-list a-vertical a-spacing-mini\">\n<li class=\"a-spacing-mini\"><span class=\"a-list-item\">Especifica\u00e7\u00f5es: l\u00e2mpadas LED com casquilho E27. N\u00e3o regul\u00e1vel. Efici\u00eancia energ\u00e9tica A+.<\/span><\/li>\n<li class=\"a-spacing-mini\"><span class=\"a-list-item\">Liga\u00e7\u00e3o instant\u00e2nea\/IRC de alta qualidade: n\u00e3o ter\u00e1 de esperar que aque\u00e7am. O CRI das l\u00e2mpadas LED da Aigostar \u00e9 sempre superior a 80, perto do valor do sol, refletindo as cores de forma real e natural.<\/span><\/li>\n<li class=\"a-spacing-mini\"><span class=\"a-list-item\">Economia de energia: as l\u00e2mpadas LED Aigostar permitem uma grande economia de energia, j\u00e1 que consomem 60% a 90% menos do que as l\u00e2mpadas de ilumina\u00e7\u00e3o convencional. Economize na sua conta de luz com a ilumina\u00e7\u00e3o LED Aigostar.<\/span><\/li>\n<li class=\"a-spacing-mini\"><span class=\"a-list-item\">F\u00e1cil de instalar: perfeitas para todos os tipos de estilos, tanto em resid\u00eancias como em escrit\u00f3rios e lojas. F\u00e1cil de instalar, compat\u00edveis com todos os tipos de candeeiros (de mesa, de p\u00e9 e de teto)<\/span><\/li>\n<li class=\"a-spacing-mini\"><span class=\"a-list-item\">Garantia de qualidade: se tiver alguma d\u00favida sobre os nossos produtos, entre em contacto connosco e teremos o maior prazer em ajud\u00e1-lo.<\/span><\/li>\n<\/ul>\n","protected":false},"excerpt":{"rendered":"<p>CorSobre este produto Especifica\u00e7\u00f5es: l\u00e2mpadas LED com casquilho E27. N\u00e3o regul\u00e1vel. Efici\u00eancia energ\u00e9tica A+. Liga\u00e7\u00e3o instant\u00e2nea\/IRC de alta qualidade: n\u00e3o ter\u00e1 de esperar que aque\u00e7am. O CRI das l\u00e2mpadas LED da Aigostar \u00e9 sempre superior a 80, perto do valor do sol, refletindo as cores de forma real e natural. Economia de energia: as l\u00e2mpadas [&hellip;]<\/p>\n","protected":false},"featured_media":13577,"comment_status":"open","ping_status":"closed","template":"","meta":{"_monsterinsights_skip_tracking":false,"_monsterinsights_sitenote_active":false,"_monsterinsights_sitenote_note":"","_monsterinsights_sitenote_category":0},"product_brand":[],"product_cat":[359],"product_tag":[361,339,360],"class_list":{"0":"post-8496","1":"product","2":"type-product","3":"status-publish","4":"has-post-thumbnail","6":"product_cat-e27","7":"product_tag-15w","8":"product_tag-6000k","9":"product_tag-e27","11":"first","12":"instock","13":"shipping-taxable","14":"purchasable","15":"product-type-simple"},"aioseo_notices":[],"_links":{"self":[{"href":"https:\/\/www.leds2all.pt\/index.php?rest_route=\/wp\/v2\/product\/8496","targetHints":{"allow":["GET"]}}],"collection":[{"href":"https:\/\/www.leds2all.pt\/index.php?rest_route=\/wp\/v2\/product"}],"about":[{"href":"https:\/\/www.leds2all.pt\/index.php?rest_route=\/wp\/v2\/types\/product"}],"replies":[{"embeddable":true,"href":"https:\/\/www.leds2all.pt\/index.php?rest_route=%2Fwp%2Fv2%2Fcomments&post=8496"}],"wp:featuredmedia":[{"embeddable":true,"href":"https:\/\/www.leds2all.pt\/index.php?rest_route=\/wp\/v2\/media\/13577"}],"wp:attachment":[{"href":"https:\/\/www.leds2all.pt\/index.php?rest_route=%2Fwp%2Fv2%2Fmedia&parent=8496"}],"wp:term":[{"taxonomy":"product_brand","embeddable":true,"href":"https:\/\/www.leds2all.pt\/index.php?rest_route=%2Fwp%2Fv2%2Fproduct_brand&post=8496"},{"taxonomy":"product_cat","embeddable":true,"href":"https:\/\/www.leds2all.pt\/index.php?rest_route=%2Fwp%2Fv2%2Fproduct_cat&post=8496"},{"taxonomy":"product_tag","embeddable":true,"href":"https:\/\/www.leds2all.pt\/index.php?rest_route=%2Fwp%2Fv2%2Fproduct_tag&post=8496"}],"curies":[{"name":"wp","href":"https:\/\/api.w.org\/{rel}","templated":true}]}}