{"id":8514,"date":"2019-04-03T20:37:23","date_gmt":"2019-04-03T20:37:23","guid":{"rendered":"https:\/\/www.leds2all.pt\/?post_type=product&#038;p=8514"},"modified":"2024-04-30T09:30:30","modified_gmt":"2024-04-30T09:30:30","slug":"lampada-led-e27-a65-220v-15w-branco-q-3000k","status":"publish","type":"product","link":"https:\/\/www.leds2all.pt\/?product=lampada-led-e27-a65-220v-15w-branco-q-3000k","title":{"rendered":"Lampada LED E27 A65 220V 15W Branco Q. 3000K"},"content":{"rendered":"<p>&#8211; Tipo de base: E27<br \/>\n&#8211; Tens\u00e3o: 220VAC \/ 50Hz<br \/>\n&#8211; Pot\u00eancia: 15W<br \/>\n&#8211; Temperatura de cor: 3000K (branco quente);<br \/>\n&#8211; Fluxo luminoso: 1200Lm<br \/>\n&#8211; N\u00e3o dim\u00e1vel<br \/>\n&#8211; Tempo para atingir fluxo luminoso m\u00e1ximo: 0s<br \/>\n&#8211; imens\u00f5es: \u00d865 x 124 mm<\/p>\n","protected":false},"excerpt":{"rendered":"<p>&#8211; Tipo de base: E27 &#8211; Tens\u00e3o: 220VAC \/ 50Hz &#8211; Pot\u00eancia: 15W &#8211; Temperatura de cor: 3000K (branco quente); &#8211; Fluxo luminoso: 1200Lm &#8211; N\u00e3o dim\u00e1vel &#8211; Tempo para atingir fluxo luminoso m\u00e1ximo: 0s &#8211; imens\u00f5es: \u00d865 x 124 mm<\/p>\n","protected":false},"featured_media":0,"comment_status":"open","ping_status":"closed","template":"","meta":{"_monsterinsights_skip_tracking":false,"_monsterinsights_sitenote_active":false,"_monsterinsights_sitenote_note":"","_monsterinsights_sitenote_category":0},"product_brand":[],"product_cat":[359],"product_tag":[361,327,360],"class_list":{"0":"post-8514","1":"product","2":"type-product","3":"status-publish","5":"product_cat-e27","6":"product_tag-15w","7":"product_tag-3000k","8":"product_tag-e27","10":"first","11":"instock","12":"shipping-taxable","13":"purchasable","14":"product-type-simple"},"aioseo_notices":[],"_links":{"self":[{"href":"https:\/\/www.leds2all.pt\/index.php?rest_route=\/wp\/v2\/product\/8514","targetHints":{"allow":["GET"]}}],"collection":[{"href":"https:\/\/www.leds2all.pt\/index.php?rest_route=\/wp\/v2\/product"}],"about":[{"href":"https:\/\/www.leds2all.pt\/index.php?rest_route=\/wp\/v2\/types\/product"}],"replies":[{"embeddable":true,"href":"https:\/\/www.leds2all.pt\/index.php?rest_route=%2Fwp%2Fv2%2Fcomments&post=8514"}],"wp:attachment":[{"href":"https:\/\/www.leds2all.pt\/index.php?rest_route=%2Fwp%2Fv2%2Fmedia&parent=8514"}],"wp:term":[{"taxonomy":"product_brand","embeddable":true,"href":"https:\/\/www.leds2all.pt\/index.php?rest_route=%2Fwp%2Fv2%2Fproduct_brand&post=8514"},{"taxonomy":"product_cat","embeddable":true,"href":"https:\/\/www.leds2all.pt\/index.php?rest_route=%2Fwp%2Fv2%2Fproduct_cat&post=8514"},{"taxonomy":"product_tag","embeddable":true,"href":"https:\/\/www.leds2all.pt\/index.php?rest_route=%2Fwp%2Fv2%2Fproduct_tag&post=8514"}],"curies":[{"name":"wp","href":"https:\/\/api.w.org\/{rel}","templated":true}]}}