{"id":8562,"date":"2019-04-05T20:22:23","date_gmt":"2019-04-05T20:22:23","guid":{"rendered":"https:\/\/www.leds2all.pt\/?post_type=product&#038;p=8562"},"modified":"2023-10-11T20:46:17","modified_gmt":"2023-10-11T20:46:17","slug":"lampada-led-e27-a65-220v-18w-branco-q-3000k","status":"publish","type":"product","link":"https:\/\/www.leds2all.pt\/?product=lampada-led-e27-a65-220v-18w-branco-q-3000k","title":{"rendered":"Lampada LED E27 A65 220V 19W Branco Q. 3000K"},"content":{"rendered":"<p>&#8211; L\u00e2mpada E27 A65 Globo LED<br \/>\n&#8211; Tipo de Casquilho: E27<br \/>\n&#8211; Tens\u00e3o funcionamento: 230Vac<br \/>\n&#8211; Pot\u00eancia: 19W<br \/>\n&#8211; Temperatura de c\u00f4r: 3000k (Branco Quente);<br \/>\n&#8211; Intensidade luminosa: 1615 Lumens<br \/>\n&#8211; \u00c2ngulo: 270\u00ba<br \/>\n&#8211; Dimens\u00f5es: D60*H120mm<\/p>\n","protected":false},"excerpt":{"rendered":"<p>&#8211; L\u00e2mpada E27 A65 Globo LED &#8211; Tipo de Casquilho: E27 &#8211; Tens\u00e3o funcionamento: 230Vac &#8211; Pot\u00eancia: 19W &#8211; Temperatura de c\u00f4r: 3000k (Branco Quente); &#8211; Intensidade luminosa: 1615 Lumens &#8211; \u00c2ngulo: 270\u00ba &#8211; Dimens\u00f5es: D60*H120mm<\/p>\n","protected":false},"featured_media":0,"comment_status":"open","ping_status":"closed","template":"","meta":{"_monsterinsights_skip_tracking":false,"_monsterinsights_sitenote_active":false,"_monsterinsights_sitenote_note":"","_monsterinsights_sitenote_category":0},"product_brand":[],"product_cat":[359],"product_tag":[392,327,360],"class_list":{"0":"post-8562","1":"product","2":"type-product","3":"status-publish","5":"product_cat-e27","6":"product_tag-19w","7":"product_tag-3000k","8":"product_tag-e27","10":"first","11":"instock","12":"shipping-taxable","13":"product-type-simple"},"aioseo_notices":[],"_links":{"self":[{"href":"https:\/\/www.leds2all.pt\/index.php?rest_route=\/wp\/v2\/product\/8562","targetHints":{"allow":["GET"]}}],"collection":[{"href":"https:\/\/www.leds2all.pt\/index.php?rest_route=\/wp\/v2\/product"}],"about":[{"href":"https:\/\/www.leds2all.pt\/index.php?rest_route=\/wp\/v2\/types\/product"}],"replies":[{"embeddable":true,"href":"https:\/\/www.leds2all.pt\/index.php?rest_route=%2Fwp%2Fv2%2Fcomments&post=8562"}],"wp:attachment":[{"href":"https:\/\/www.leds2all.pt\/index.php?rest_route=%2Fwp%2Fv2%2Fmedia&parent=8562"}],"wp:term":[{"taxonomy":"product_brand","embeddable":true,"href":"https:\/\/www.leds2all.pt\/index.php?rest_route=%2Fwp%2Fv2%2Fproduct_brand&post=8562"},{"taxonomy":"product_cat","embeddable":true,"href":"https:\/\/www.leds2all.pt\/index.php?rest_route=%2Fwp%2Fv2%2Fproduct_cat&post=8562"},{"taxonomy":"product_tag","embeddable":true,"href":"https:\/\/www.leds2all.pt\/index.php?rest_route=%2Fwp%2Fv2%2Fproduct_tag&post=8562"}],"curies":[{"name":"wp","href":"https:\/\/api.w.org\/{rel}","templated":true}]}}