{"id":8674,"date":"2019-04-09T20:19:31","date_gmt":"2019-04-09T20:19:31","guid":{"rendered":"https:\/\/www.leds2all.pt\/?post_type=product&#038;p=8674"},"modified":"2021-04-14T12:41:14","modified_gmt":"2021-04-14T12:41:14","slug":"lampada-led-opalina-220v-e27-4w-branco-f-6000k","status":"publish","type":"product","link":"https:\/\/www.leds2all.pt\/?product=lampada-led-opalina-220v-e27-4w-branco-f-6000k","title":{"rendered":"Lampada LED Opalina 220V E27 4W Branco F. 6000K"},"content":{"rendered":"<p>Dimens\u00f5es 35x103mm<br \/>\nTens\u00e3o: 230V AC<br \/>\nPot\u00eancia 4W<br \/>\nCasquilho: E27<br \/>\nCor: 6000K<br \/>\nFluxo Lum.: 340Lm<br \/>\nGraus: 360\u00ba<\/p>\n","protected":false},"excerpt":{"rendered":"<p>Dimens\u00f5es 35x103mm Tens\u00e3o: 230V AC Pot\u00eancia 4W Casquilho: E27 Cor: 6000K Fluxo Lum.: 340Lm Graus: 360\u00ba<\/p>\n","protected":false},"featured_media":0,"comment_status":"open","ping_status":"closed","template":"","meta":{"_monsterinsights_skip_tracking":false,"_monsterinsights_sitenote_active":false,"_monsterinsights_sitenote_note":"","_monsterinsights_sitenote_category":0},"product_brand":[],"product_cat":[359],"product_tag":[334,339,360],"class_list":{"0":"post-8674","1":"product","2":"type-product","3":"status-publish","5":"product_cat-e27","6":"product_tag-4w","7":"product_tag-6000k","8":"product_tag-e27","10":"first","11":"instock","12":"shipping-taxable","13":"product-type-simple"},"aioseo_notices":[],"_links":{"self":[{"href":"https:\/\/www.leds2all.pt\/index.php?rest_route=\/wp\/v2\/product\/8674","targetHints":{"allow":["GET"]}}],"collection":[{"href":"https:\/\/www.leds2all.pt\/index.php?rest_route=\/wp\/v2\/product"}],"about":[{"href":"https:\/\/www.leds2all.pt\/index.php?rest_route=\/wp\/v2\/types\/product"}],"replies":[{"embeddable":true,"href":"https:\/\/www.leds2all.pt\/index.php?rest_route=%2Fwp%2Fv2%2Fcomments&post=8674"}],"wp:attachment":[{"href":"https:\/\/www.leds2all.pt\/index.php?rest_route=%2Fwp%2Fv2%2Fmedia&parent=8674"}],"wp:term":[{"taxonomy":"product_brand","embeddable":true,"href":"https:\/\/www.leds2all.pt\/index.php?rest_route=%2Fwp%2Fv2%2Fproduct_brand&post=8674"},{"taxonomy":"product_cat","embeddable":true,"href":"https:\/\/www.leds2all.pt\/index.php?rest_route=%2Fwp%2Fv2%2Fproduct_cat&post=8674"},{"taxonomy":"product_tag","embeddable":true,"href":"https:\/\/www.leds2all.pt\/index.php?rest_route=%2Fwp%2Fv2%2Fproduct_tag&post=8674"}],"curies":[{"name":"wp","href":"https:\/\/api.w.org\/{rel}","templated":true}]}}