{"id":8677,"date":"2019-04-09T20:23:33","date_gmt":"2019-04-09T20:23:33","guid":{"rendered":"https:\/\/www.leds2all.pt\/?post_type=product&#038;p=8677"},"modified":"2023-04-11T13:01:47","modified_gmt":"2023-04-11T13:01:47","slug":"disco-ssd-25-120gb-serial-ata-iii-kingston","status":"publish","type":"product","link":"https:\/\/www.leds2all.pt\/?product=disco-ssd-25-120gb-serial-ata-iii-kingston","title":{"rendered":"Disco SSD 2,5&#8243; 120GB Serial ATA III &#8211; KINGSTON &#8211; sem embalagem"},"content":{"rendered":"<p>ESTE PRODUTO \u00c9 NOVO, APENAS N\u00c3O TEM A EMBALAGEM DE ORIGEM<\/p>\n<p>&nbsp;<\/p>\n<p>Kingston Technology A400 SSD 120GB Serial ATA III<\/p>\n<p>Desempenho<br \/>\nCapacidade da drive SSD: 120 GB<br \/>\nInterfaces da drive SSD: Serial ATA III<br \/>\nVelocidade de leitura, suporte: 500 MB\/s<br \/>\nVelocidade de escrita: 320 MB\/s<br \/>\nComponente para: PC\/notebook<br \/>\nNVM Express (NVMe); suportado: N\u00e3o<br \/>\nTaxa de transfer\u00eancia de dados: 6 Gbit\/s<br \/>\nTipo de mem\u00f3ria: TLC<br \/>\nTipo de controlador: 2Ch<br \/>\nMTBF: 1000000 h<br \/>\nClassifica\u00e7\u00e3o TBW: 40<\/p>\n<p>Design<br \/>\nFator de forma SSD: 2.5&#8243;<br \/>\nCor da caixa: Preto<br \/>\nAprova\u00e7\u00f5es Regulamentares: CE, FCC<\/p>\n<p>Gest\u00e3o de energia<br \/>\nConsumo de energia (leitura);: 0,642 W<br \/>\nConsumo de energia (escrita);: 1,535 W<br \/>\nConsumo de energia (idle);: 0,195 W<br \/>\nConsumo de energia (m\u00e9dia);: 0,279 W<\/p>\n<p>Detalhes t\u00e9cnicos<br \/>\nTemperatura ambiente: 0 &#8211; 70 \u00b0C<br \/>\nLimite de temperaturas (armazenamento);: -40 &#8211; 85 \u00b0C<br \/>\nVibra\u00e7\u00e3o operacional: 2,17 G<br \/>\nVibra\u00e7\u00e3o n\u00e3o operacional: 20 G<\/p>\n<p>Software<br \/>\nSistema operativo Windows suportado: Sim<br \/>\nSistema operativo Mac suportado: Sim<br \/>\nSistema operativo Linux suportado: Sim<\/p>\n<p>Pesos e dimens\u00f5es<br \/>\nLargura do produto: 100 mm<br \/>\nProfundidade da Unidade: 69,9 mm<br \/>\nAltura da Unidade: 7 mm<br \/>\nPeso do produto: 41 g<\/p>\n","protected":false},"excerpt":{"rendered":"<p>ESTE PRODUTO \u00c9 NOVO, APENAS N\u00c3O TEM A EMBALAGEM DE ORIGEM &nbsp; Kingston Technology A400 SSD 120GB Serial ATA III Desempenho Capacidade da drive SSD: 120 GB Interfaces da drive SSD: Serial ATA III Velocidade de leitura, suporte: 500 MB\/s Velocidade de escrita: 320 MB\/s Componente para: PC\/notebook NVM Express (NVMe); suportado: N\u00e3o Taxa de [&hellip;]<\/p>\n","protected":false},"featured_media":0,"comment_status":"open","ping_status":"closed","template":"","meta":{"_monsterinsights_skip_tracking":false,"_monsterinsights_sitenote_active":false,"_monsterinsights_sitenote_note":"","_monsterinsights_sitenote_category":0},"product_brand":[],"product_cat":[683,396],"product_tag":[399,400,398],"class_list":{"0":"post-8677","1":"product","2":"type-product","3":"status-publish","5":"product_cat-novos","6":"product_cat-ssd-2-5","7":"product_tag-120gb","8":"product_tag-kingston","9":"product_tag-ssd","11":"first","12":"instock","13":"shipping-taxable","14":"product-type-simple"},"aioseo_notices":[],"_links":{"self":[{"href":"https:\/\/www.leds2all.pt\/index.php?rest_route=\/wp\/v2\/product\/8677","targetHints":{"allow":["GET"]}}],"collection":[{"href":"https:\/\/www.leds2all.pt\/index.php?rest_route=\/wp\/v2\/product"}],"about":[{"href":"https:\/\/www.leds2all.pt\/index.php?rest_route=\/wp\/v2\/types\/product"}],"replies":[{"embeddable":true,"href":"https:\/\/www.leds2all.pt\/index.php?rest_route=%2Fwp%2Fv2%2Fcomments&post=8677"}],"wp:attachment":[{"href":"https:\/\/www.leds2all.pt\/index.php?rest_route=%2Fwp%2Fv2%2Fmedia&parent=8677"}],"wp:term":[{"taxonomy":"product_brand","embeddable":true,"href":"https:\/\/www.leds2all.pt\/index.php?rest_route=%2Fwp%2Fv2%2Fproduct_brand&post=8677"},{"taxonomy":"product_cat","embeddable":true,"href":"https:\/\/www.leds2all.pt\/index.php?rest_route=%2Fwp%2Fv2%2Fproduct_cat&post=8677"},{"taxonomy":"product_tag","embeddable":true,"href":"https:\/\/www.leds2all.pt\/index.php?rest_route=%2Fwp%2Fv2%2Fproduct_tag&post=8677"}],"curies":[{"name":"wp","href":"https:\/\/api.w.org\/{rel}","templated":true}]}}