{"id":8759,"date":"2019-04-26T21:25:59","date_gmt":"2019-04-26T14:25:59","guid":{"rendered":"https:\/\/www.leds2all.pt\/?post_type=product&#038;p=8759"},"modified":"2024-02-27T14:29:58","modified_gmt":"2024-02-27T14:29:58","slug":"projector-led-rgb-ip65-220vac-30w-2100lm-c-comando","status":"publish","type":"product","link":"https:\/\/www.leds2all.pt\/?product=projector-led-rgb-ip65-220vac-30w-2100lm-c-comando","title":{"rendered":"Projector LED RGB IP65 220VAC 30W c\/ Comando"},"content":{"rendered":"<p>&#8211; LED RGB<br \/>\n&#8211; Com comando para controlar cor<br \/>\n&#8211; Tens\u00e3o: 85-265VAC<br \/>\n&#8211; Pot\u00eancia: 30W<br \/>\n&#8211; Tipo de led: EPISTAR<br \/>\n&#8211; Intensidade: 4050Lm<br \/>\n&#8211; \u00c2ngulo de abertura: 120\u00ba<br \/>\n&#8211; \u00cdndice de protec\u00e7\u00e3o: IP65<br \/>\n&#8211; Liga\u00e7\u00e3o com fios<\/p>\n<p>&#8211; Dimens\u00f5es: 250x200x60 mm<\/p>\n","protected":false},"excerpt":{"rendered":"<p>&#8211; LED RGB &#8211; Com comando para controlar cor &#8211; Tens\u00e3o: 85-265VAC &#8211; Pot\u00eancia: 30W &#8211; Tipo de led: EPISTAR &#8211; Intensidade: 4050Lm &#8211; \u00c2ngulo de abertura: 120\u00ba &#8211; \u00cdndice de protec\u00e7\u00e3o: IP65 &#8211; Liga\u00e7\u00e3o com fios &#8211; Dimens\u00f5es: 250x200x60 mm<\/p>\n","protected":false},"featured_media":0,"comment_status":"open","ping_status":"closed","template":"","meta":{"_monsterinsights_skip_tracking":false,"_monsterinsights_sitenote_active":false,"_monsterinsights_sitenote_note":"","_monsterinsights_sitenote_category":0},"product_brand":[],"product_cat":[813],"product_tag":[389,342],"class_list":{"0":"post-8759","1":"product","2":"type-product","3":"status-publish","5":"product_cat-holofotes","6":"product_tag-30w","7":"product_tag-rgb","9":"first","10":"instock","11":"shipping-taxable","12":"product-type-simple"},"aioseo_notices":[],"_links":{"self":[{"href":"https:\/\/www.leds2all.pt\/index.php?rest_route=\/wp\/v2\/product\/8759","targetHints":{"allow":["GET"]}}],"collection":[{"href":"https:\/\/www.leds2all.pt\/index.php?rest_route=\/wp\/v2\/product"}],"about":[{"href":"https:\/\/www.leds2all.pt\/index.php?rest_route=\/wp\/v2\/types\/product"}],"replies":[{"embeddable":true,"href":"https:\/\/www.leds2all.pt\/index.php?rest_route=%2Fwp%2Fv2%2Fcomments&post=8759"}],"wp:attachment":[{"href":"https:\/\/www.leds2all.pt\/index.php?rest_route=%2Fwp%2Fv2%2Fmedia&parent=8759"}],"wp:term":[{"taxonomy":"product_brand","embeddable":true,"href":"https:\/\/www.leds2all.pt\/index.php?rest_route=%2Fwp%2Fv2%2Fproduct_brand&post=8759"},{"taxonomy":"product_cat","embeddable":true,"href":"https:\/\/www.leds2all.pt\/index.php?rest_route=%2Fwp%2Fv2%2Fproduct_cat&post=8759"},{"taxonomy":"product_tag","embeddable":true,"href":"https:\/\/www.leds2all.pt\/index.php?rest_route=%2Fwp%2Fv2%2Fproduct_tag&post=8759"}],"curies":[{"name":"wp","href":"https:\/\/api.w.org\/{rel}","templated":true}]}}