{"id":9073,"date":"2020-01-23T16:04:38","date_gmt":"2020-01-23T16:04:38","guid":{"rendered":"https:\/\/www.leds2all.pt\/?post_type=product&#038;p=9073"},"modified":"2025-09-24T02:37:28","modified_gmt":"2025-09-24T02:37:28","slug":"lampada-bay15d-1157-lucas","status":"publish","type":"product","link":"https:\/\/www.leds2all.pt\/?product=lampada-bay15d-1157-lucas","title":{"rendered":"L\u00e2mpada BAY15D 1157 LUCAS"},"content":{"rendered":"<ul>\n<li>Fabricante: LUCAS;\u00a0\u00a0 \u00a0<\/li>\n<li>Tipo de l\u00e2mpada: para autom\u00f3veis; \u00a0\u00a0 \u00a0<\/li>\n<li>Esp\u00e9cie de casquilho: 1157 BAY15D;<\/li>\n<li>Tens\u00e3o nominal: 12V;<\/li>\n<li>Pot\u00eancia: 21W \/ 5W;<\/li>\n<\/ul>\n","protected":false},"excerpt":{"rendered":"<p>Fabricante: LUCAS;\u00a0\u00a0 \u00a0 Tipo de l\u00e2mpada: para autom\u00f3veis; \u00a0\u00a0 \u00a0 Esp\u00e9cie de casquilho: 1157 BAY15D; Tens\u00e3o nominal: 12V; Pot\u00eancia: 21W \/ 5W;<\/p>\n","protected":false},"featured_media":9074,"comment_status":"open","ping_status":"closed","template":"","meta":{"_monsterinsights_skip_tracking":false,"_monsterinsights_sitenote_active":false,"_monsterinsights_sitenote_note":"","_monsterinsights_sitenote_category":0},"product_brand":[],"product_cat":[440],"product_tag":[378,377,439],"class_list":{"0":"post-9073","1":"product","2":"type-product","3":"status-publish","4":"has-post-thumbnail","6":"product_cat-iluminacao-halogenio-auto-iluminacao","7":"product_tag-378","8":"product_tag-bay15d","9":"product_tag-lucas","11":"first","12":"instock","13":"shipping-taxable","14":"purchasable","15":"product-type-simple"},"aioseo_notices":[],"_links":{"self":[{"href":"https:\/\/www.leds2all.pt\/index.php?rest_route=\/wp\/v2\/product\/9073","targetHints":{"allow":["GET"]}}],"collection":[{"href":"https:\/\/www.leds2all.pt\/index.php?rest_route=\/wp\/v2\/product"}],"about":[{"href":"https:\/\/www.leds2all.pt\/index.php?rest_route=\/wp\/v2\/types\/product"}],"replies":[{"embeddable":true,"href":"https:\/\/www.leds2all.pt\/index.php?rest_route=%2Fwp%2Fv2%2Fcomments&post=9073"}],"wp:featuredmedia":[{"embeddable":true,"href":"https:\/\/www.leds2all.pt\/index.php?rest_route=\/wp\/v2\/media\/9074"}],"wp:attachment":[{"href":"https:\/\/www.leds2all.pt\/index.php?rest_route=%2Fwp%2Fv2%2Fmedia&parent=9073"}],"wp:term":[{"taxonomy":"product_brand","embeddable":true,"href":"https:\/\/www.leds2all.pt\/index.php?rest_route=%2Fwp%2Fv2%2Fproduct_brand&post=9073"},{"taxonomy":"product_cat","embeddable":true,"href":"https:\/\/www.leds2all.pt\/index.php?rest_route=%2Fwp%2Fv2%2Fproduct_cat&post=9073"},{"taxonomy":"product_tag","embeddable":true,"href":"https:\/\/www.leds2all.pt\/index.php?rest_route=%2Fwp%2Fv2%2Fproduct_tag&post=9073"}],"curies":[{"name":"wp","href":"https:\/\/api.w.org\/{rel}","templated":true}]}}