{"id":9255,"date":"2020-05-09T21:37:12","date_gmt":"2020-05-09T21:37:12","guid":{"rendered":"https:\/\/www.leds2all.pt\/?post_type=product&#038;p=9255"},"modified":"2023-07-18T18:25:37","modified_gmt":"2023-07-18T18:25:37","slug":"lampada-led-e14-a60-220v-6w-branco-q-3000k","status":"publish","type":"product","link":"https:\/\/www.leds2all.pt\/?product=lampada-led-e14-a60-220v-6w-branco-q-3000k","title":{"rendered":"Lampada LED E14 A60 220V 6W Branco Q. 3000K"},"content":{"rendered":"<p>&#8211; Tipo de base: E14<br \/>\n&#8211; Tens\u00e3o: 220VAC \/ 50Hz<br \/>\n&#8211; Pot\u00eancia: 6W<br \/>\n&#8211; Temperatura de cor: 3000K (branco quente);<br \/>\n&#8211; Fluxo luminoso: 490Lm<br \/>\n&#8211; N\u00e3o dim\u00e1vel<br \/>\n&#8211; Tempo para atingir fluxo luminoso m\u00e1ximo: 0s<br \/>\n&#8211; Dimens\u00f5es: \u00d860 x 117 mm<\/p>\n","protected":false},"excerpt":{"rendered":"<p>&#8211; Tipo de base: E14 &#8211; Tens\u00e3o: 220VAC \/ 50Hz &#8211; Pot\u00eancia: 6W &#8211; Temperatura de cor: 3000K (branco quente); &#8211; Fluxo luminoso: 490Lm &#8211; N\u00e3o dim\u00e1vel &#8211; Tempo para atingir fluxo luminoso m\u00e1ximo: 0s &#8211; Dimens\u00f5es: \u00d860 x 117 mm<\/p>\n","protected":false},"featured_media":8309,"comment_status":"open","ping_status":"closed","template":"","meta":{"_monsterinsights_skip_tracking":false,"_monsterinsights_sitenote_active":false,"_monsterinsights_sitenote_note":"","_monsterinsights_sitenote_category":0},"product_brand":[],"product_cat":[321],"product_tag":[327,328,326],"class_list":{"0":"post-9255","1":"product","2":"type-product","3":"status-publish","4":"has-post-thumbnail","6":"product_cat-e14","7":"product_tag-3000k","8":"product_tag-6w","9":"product_tag-e14","11":"first","12":"instock","13":"shipping-taxable","14":"purchasable","15":"product-type-simple"},"aioseo_notices":[],"_links":{"self":[{"href":"https:\/\/www.leds2all.pt\/index.php?rest_route=\/wp\/v2\/product\/9255","targetHints":{"allow":["GET"]}}],"collection":[{"href":"https:\/\/www.leds2all.pt\/index.php?rest_route=\/wp\/v2\/product"}],"about":[{"href":"https:\/\/www.leds2all.pt\/index.php?rest_route=\/wp\/v2\/types\/product"}],"replies":[{"embeddable":true,"href":"https:\/\/www.leds2all.pt\/index.php?rest_route=%2Fwp%2Fv2%2Fcomments&post=9255"}],"wp:featuredmedia":[{"embeddable":true,"href":"https:\/\/www.leds2all.pt\/index.php?rest_route=\/wp\/v2\/media\/8309"}],"wp:attachment":[{"href":"https:\/\/www.leds2all.pt\/index.php?rest_route=%2Fwp%2Fv2%2Fmedia&parent=9255"}],"wp:term":[{"taxonomy":"product_brand","embeddable":true,"href":"https:\/\/www.leds2all.pt\/index.php?rest_route=%2Fwp%2Fv2%2Fproduct_brand&post=9255"},{"taxonomy":"product_cat","embeddable":true,"href":"https:\/\/www.leds2all.pt\/index.php?rest_route=%2Fwp%2Fv2%2Fproduct_cat&post=9255"},{"taxonomy":"product_tag","embeddable":true,"href":"https:\/\/www.leds2all.pt\/index.php?rest_route=%2Fwp%2Fv2%2Fproduct_tag&post=9255"}],"curies":[{"name":"wp","href":"https:\/\/api.w.org\/{rel}","templated":true}]}}