{"id":9318,"date":"2020-05-14T17:10:49","date_gmt":"2020-05-14T17:10:49","guid":{"rendered":"https:\/\/www.leds2all.pt\/?post_type=product&#038;p=9318"},"modified":"2023-07-04T12:50:10","modified_gmt":"2023-07-04T12:50:10","slug":"lampada-led-220v-g45-e14-3w-branco-quente-3000k","status":"publish","type":"product","link":"https:\/\/www.leds2all.pt\/?product=lampada-led-220v-g45-e14-3w-branco-quente-3000k","title":{"rendered":"Lampada LED 220V g45 E14 3W Branco quente 3000K"},"content":{"rendered":"<p>&#8211; Tipo de base: E14<br \/>\n&#8211; Tens\u00e3o: 230V<br \/>\n&#8211; Pot\u00eancia: 3W<br \/>\n&#8211; Temperatura de cor: 3000K (branco quente);<br \/>\n&#8211; Fluxo luminoso: 255lm<br \/>\n&#8211; Classe energ\u00e9tica: A+<\/p>\n<p>Dimens\u00f5es: \u00d845x90mm<\/p>\n","protected":false},"excerpt":{"rendered":"<p>&#8211; Tipo de base: E14 &#8211; Tens\u00e3o: 230V &#8211; Pot\u00eancia: 3W &#8211; Temperatura de cor: 3000K (branco quente); &#8211; Fluxo luminoso: 255lm &#8211; Classe energ\u00e9tica: A+ Dimens\u00f5es: \u00d845x90mm<\/p>\n","protected":false},"featured_media":8379,"comment_status":"open","ping_status":"closed","template":"","meta":{"_monsterinsights_skip_tracking":false,"_monsterinsights_sitenote_active":false,"_monsterinsights_sitenote_note":"","_monsterinsights_sitenote_category":0},"product_brand":[],"product_cat":[321],"product_tag":[327,337,326],"class_list":{"0":"post-9318","1":"product","2":"type-product","3":"status-publish","4":"has-post-thumbnail","6":"product_cat-e14","7":"product_tag-3000k","8":"product_tag-3w","9":"product_tag-e14","11":"first","12":"outofstock","13":"shipping-taxable","14":"purchasable","15":"product-type-simple"},"aioseo_notices":[],"_links":{"self":[{"href":"https:\/\/www.leds2all.pt\/index.php?rest_route=\/wp\/v2\/product\/9318","targetHints":{"allow":["GET"]}}],"collection":[{"href":"https:\/\/www.leds2all.pt\/index.php?rest_route=\/wp\/v2\/product"}],"about":[{"href":"https:\/\/www.leds2all.pt\/index.php?rest_route=\/wp\/v2\/types\/product"}],"replies":[{"embeddable":true,"href":"https:\/\/www.leds2all.pt\/index.php?rest_route=%2Fwp%2Fv2%2Fcomments&post=9318"}],"wp:featuredmedia":[{"embeddable":true,"href":"https:\/\/www.leds2all.pt\/index.php?rest_route=\/wp\/v2\/media\/8379"}],"wp:attachment":[{"href":"https:\/\/www.leds2all.pt\/index.php?rest_route=%2Fwp%2Fv2%2Fmedia&parent=9318"}],"wp:term":[{"taxonomy":"product_brand","embeddable":true,"href":"https:\/\/www.leds2all.pt\/index.php?rest_route=%2Fwp%2Fv2%2Fproduct_brand&post=9318"},{"taxonomy":"product_cat","embeddable":true,"href":"https:\/\/www.leds2all.pt\/index.php?rest_route=%2Fwp%2Fv2%2Fproduct_cat&post=9318"},{"taxonomy":"product_tag","embeddable":true,"href":"https:\/\/www.leds2all.pt\/index.php?rest_route=%2Fwp%2Fv2%2Fproduct_tag&post=9318"}],"curies":[{"name":"wp","href":"https:\/\/api.w.org\/{rel}","templated":true}]}}