{"id":9323,"date":"2020-05-14T17:25:36","date_gmt":"2020-05-14T17:25:36","guid":{"rendered":"https:\/\/www.leds2all.pt\/?post_type=product&#038;p=9323"},"modified":"2021-12-05T20:57:56","modified_gmt":"2021-12-05T20:57:56","slug":"lampada-led-opalina-220v-e14-9w-branco-frio-6000k","status":"publish","type":"product","link":"https:\/\/www.leds2all.pt\/?product=lampada-led-opalina-220v-e14-9w-branco-frio-6000k","title":{"rendered":"Lampada LED Opalina 220V E14 9W Branco frio 6000K"},"content":{"rendered":"<p>Certificado: CE<br \/>\nCusto de elimina\u00e7\u00e3o de res\u00edduos: 11 gr \/ kg<br \/>\nN\u00famero de l\u00famens: 720 lm<br \/>\nConsumo de energia: 9 W<br \/>\nTempo de vida: 30 000 horas<br \/>\nTom: branco quente<br \/>\nTemperatura de cor: 6000 K<br \/>\nTens\u00e3o de trabalho: 170 &#8211; 250 V (50 &#8211; 60 Hz);<br \/>\nLLMF: &gt; 70%<\/p>\n","protected":false},"excerpt":{"rendered":"<p>Certificado: CE Custo de elimina\u00e7\u00e3o de res\u00edduos: 11 gr \/ kg N\u00famero de l\u00famens: 720 lm Consumo de energia: 9 W Tempo de vida: 30 000 horas Tom: branco quente Temperatura de cor: 6000 K Tens\u00e3o de trabalho: 170 &#8211; 250 V (50 &#8211; 60 Hz); LLMF: &gt; 70%<\/p>\n","protected":false},"featured_media":8390,"comment_status":"open","ping_status":"closed","template":"","meta":{"_monsterinsights_skip_tracking":false,"_monsterinsights_sitenote_active":false,"_monsterinsights_sitenote_note":"","_monsterinsights_sitenote_category":0},"product_brand":[],"product_cat":[321],"product_tag":[339,333,326],"class_list":{"0":"post-9323","1":"product","2":"type-product","3":"status-publish","4":"has-post-thumbnail","6":"product_cat-e14","7":"product_tag-6000k","8":"product_tag-9w","9":"product_tag-e14","11":"first","12":"onbackorder","13":"shipping-taxable","14":"purchasable","15":"product-type-simple"},"aioseo_notices":[],"_links":{"self":[{"href":"https:\/\/www.leds2all.pt\/index.php?rest_route=\/wp\/v2\/product\/9323","targetHints":{"allow":["GET"]}}],"collection":[{"href":"https:\/\/www.leds2all.pt\/index.php?rest_route=\/wp\/v2\/product"}],"about":[{"href":"https:\/\/www.leds2all.pt\/index.php?rest_route=\/wp\/v2\/types\/product"}],"replies":[{"embeddable":true,"href":"https:\/\/www.leds2all.pt\/index.php?rest_route=%2Fwp%2Fv2%2Fcomments&post=9323"}],"wp:featuredmedia":[{"embeddable":true,"href":"https:\/\/www.leds2all.pt\/index.php?rest_route=\/wp\/v2\/media\/8390"}],"wp:attachment":[{"href":"https:\/\/www.leds2all.pt\/index.php?rest_route=%2Fwp%2Fv2%2Fmedia&parent=9323"}],"wp:term":[{"taxonomy":"product_brand","embeddable":true,"href":"https:\/\/www.leds2all.pt\/index.php?rest_route=%2Fwp%2Fv2%2Fproduct_brand&post=9323"},{"taxonomy":"product_cat","embeddable":true,"href":"https:\/\/www.leds2all.pt\/index.php?rest_route=%2Fwp%2Fv2%2Fproduct_cat&post=9323"},{"taxonomy":"product_tag","embeddable":true,"href":"https:\/\/www.leds2all.pt\/index.php?rest_route=%2Fwp%2Fv2%2Fproduct_tag&post=9323"}],"curies":[{"name":"wp","href":"https:\/\/api.w.org\/{rel}","templated":true}]}}