{"id":9339,"date":"2020-05-20T08:39:04","date_gmt":"2020-05-20T08:39:04","guid":{"rendered":"https:\/\/www.leds2all.pt\/?post_type=product&#038;p=9339"},"modified":"2024-07-22T10:53:57","modified_gmt":"2024-07-22T10:53:57","slug":"lampada-led-e27-a65-220v-19w-branco-frio-6000k","status":"publish","type":"product","link":"https:\/\/www.leds2all.pt\/?product=lampada-led-e27-a65-220v-19w-branco-frio-6000k","title":{"rendered":"Lampada LED E27 A65 220V 19W Branco frio 6000k"},"content":{"rendered":"<p>&#8211; L\u00e2mpada E27 A65 LED<br \/>\n&#8211; Tipo de Casquilho: E27<br \/>\n&#8211; Tens\u00e3o funcionamento: 230Vac<br \/>\n&#8211; Pot\u00eancia: 19W<br \/>\n&#8211; Temperatura de c\u00f4r: 6000k (Branco frio);<br \/>\n&#8211; Intensidade luminosa: 1615 Lumens<br \/>\n&#8211; \u00c2ngulo: 270\u00ba<br \/>\n&#8211; Dimens\u00f5es: D60*H120mm<\/p>\n","protected":false},"excerpt":{"rendered":"<p>&#8211; L\u00e2mpada E27 A65 LED &#8211; Tipo de Casquilho: E27 &#8211; Tens\u00e3o funcionamento: 230Vac &#8211; Pot\u00eancia: 19W &#8211; Temperatura de c\u00f4r: 6000k (Branco frio); &#8211; Intensidade luminosa: 1615 Lumens &#8211; \u00c2ngulo: 270\u00ba &#8211; Dimens\u00f5es: D60*H120mm<\/p>\n","protected":false},"featured_media":8497,"comment_status":"open","ping_status":"closed","template":"","meta":{"_monsterinsights_skip_tracking":false,"_monsterinsights_sitenote_active":false,"_monsterinsights_sitenote_note":"","_monsterinsights_sitenote_category":0},"product_brand":[],"product_cat":[359],"product_tag":[392,339,360],"class_list":{"0":"post-9339","1":"product","2":"type-product","3":"status-publish","4":"has-post-thumbnail","6":"product_cat-e27","7":"product_tag-19w","8":"product_tag-6000k","9":"product_tag-e27","11":"first","12":"instock","13":"shipping-taxable","14":"purchasable","15":"product-type-simple"},"aioseo_notices":[],"_links":{"self":[{"href":"https:\/\/www.leds2all.pt\/index.php?rest_route=\/wp\/v2\/product\/9339","targetHints":{"allow":["GET"]}}],"collection":[{"href":"https:\/\/www.leds2all.pt\/index.php?rest_route=\/wp\/v2\/product"}],"about":[{"href":"https:\/\/www.leds2all.pt\/index.php?rest_route=\/wp\/v2\/types\/product"}],"replies":[{"embeddable":true,"href":"https:\/\/www.leds2all.pt\/index.php?rest_route=%2Fwp%2Fv2%2Fcomments&post=9339"}],"wp:featuredmedia":[{"embeddable":true,"href":"https:\/\/www.leds2all.pt\/index.php?rest_route=\/wp\/v2\/media\/8497"}],"wp:attachment":[{"href":"https:\/\/www.leds2all.pt\/index.php?rest_route=%2Fwp%2Fv2%2Fmedia&parent=9339"}],"wp:term":[{"taxonomy":"product_brand","embeddable":true,"href":"https:\/\/www.leds2all.pt\/index.php?rest_route=%2Fwp%2Fv2%2Fproduct_brand&post=9339"},{"taxonomy":"product_cat","embeddable":true,"href":"https:\/\/www.leds2all.pt\/index.php?rest_route=%2Fwp%2Fv2%2Fproduct_cat&post=9339"},{"taxonomy":"product_tag","embeddable":true,"href":"https:\/\/www.leds2all.pt\/index.php?rest_route=%2Fwp%2Fv2%2Fproduct_tag&post=9339"}],"curies":[{"name":"wp","href":"https:\/\/api.w.org\/{rel}","templated":true}]}}