{"id":9359,"date":"2020-05-21T11:10:34","date_gmt":"2020-05-21T11:10:34","guid":{"rendered":"https:\/\/www.leds2all.pt\/?post_type=product&#038;p=9359"},"modified":"2020-06-18T21:27:07","modified_gmt":"2020-06-18T21:27:07","slug":"lampada-led-t3-2u-220v-e27-4w-branco-q-3000k","status":"publish","type":"product","link":"https:\/\/www.leds2all.pt\/?product=lampada-led-t3-2u-220v-e27-4w-branco-q-3000k","title":{"rendered":"Lampada LED T3 2U 220V E27 4W Branco Q. 3000K"},"content":{"rendered":"<p>&#8211; Tipo: E27<br \/>\n&#8211; Tens\u00e3o: 230VAC<br \/>\n&#8211; Pot\u00eancia: 4W\u00a0<br \/>\n&#8211; Temperatura de cor: 3000\u00b1200K (branco quente);<br \/>\n&#8211; Fluxo luminoso: 300lm<br \/>\n&#8211; N\u00e3o dim\u00e1vel<br \/>\n&#8211; Tempo para atingir fluxo luminoso m\u00e1ximo: 0s<br \/>\n&#8211; \u00c2ngulo de abertura: 180\u00ba<br \/>\n&#8211; Classe energ\u00e9tica: A+<\/p>\n<p>Dimens\u00f5es: D38*H120mm<\/p>\n","protected":false},"excerpt":{"rendered":"<p>&#8211; Tipo: E27 &#8211; Tens\u00e3o: 230VAC &#8211; Pot\u00eancia: 4W\u00a0 &#8211; Temperatura de cor: 3000\u00b1200K (branco quente); &#8211; Fluxo luminoso: 300lm &#8211; N\u00e3o dim\u00e1vel &#8211; Tempo para atingir fluxo luminoso m\u00e1ximo: 0s &#8211; \u00c2ngulo de abertura: 180\u00ba &#8211; Classe energ\u00e9tica: A+ Dimens\u00f5es: D38*H120mm<\/p>\n","protected":false},"featured_media":8640,"comment_status":"open","ping_status":"closed","template":"","meta":{"_monsterinsights_skip_tracking":false,"_monsterinsights_sitenote_active":false,"_monsterinsights_sitenote_note":"","_monsterinsights_sitenote_category":0},"product_brand":[],"product_cat":[359],"product_tag":[327,334,360],"class_list":{"0":"post-9359","1":"product","2":"type-product","3":"status-publish","4":"has-post-thumbnail","6":"product_cat-e27","7":"product_tag-3000k","8":"product_tag-4w","9":"product_tag-e27","11":"first","12":"instock","13":"shipping-taxable","14":"purchasable","15":"product-type-simple"},"aioseo_notices":[],"_links":{"self":[{"href":"https:\/\/www.leds2all.pt\/index.php?rest_route=\/wp\/v2\/product\/9359","targetHints":{"allow":["GET"]}}],"collection":[{"href":"https:\/\/www.leds2all.pt\/index.php?rest_route=\/wp\/v2\/product"}],"about":[{"href":"https:\/\/www.leds2all.pt\/index.php?rest_route=\/wp\/v2\/types\/product"}],"replies":[{"embeddable":true,"href":"https:\/\/www.leds2all.pt\/index.php?rest_route=%2Fwp%2Fv2%2Fcomments&post=9359"}],"wp:featuredmedia":[{"embeddable":true,"href":"https:\/\/www.leds2all.pt\/index.php?rest_route=\/wp\/v2\/media\/8640"}],"wp:attachment":[{"href":"https:\/\/www.leds2all.pt\/index.php?rest_route=%2Fwp%2Fv2%2Fmedia&parent=9359"}],"wp:term":[{"taxonomy":"product_brand","embeddable":true,"href":"https:\/\/www.leds2all.pt\/index.php?rest_route=%2Fwp%2Fv2%2Fproduct_brand&post=9359"},{"taxonomy":"product_cat","embeddable":true,"href":"https:\/\/www.leds2all.pt\/index.php?rest_route=%2Fwp%2Fv2%2Fproduct_cat&post=9359"},{"taxonomy":"product_tag","embeddable":true,"href":"https:\/\/www.leds2all.pt\/index.php?rest_route=%2Fwp%2Fv2%2Fproduct_tag&post=9359"}],"curies":[{"name":"wp","href":"https:\/\/api.w.org\/{rel}","templated":true}]}}