{"id":9380,"date":"2020-05-21T15:38:05","date_gmt":"2020-05-21T15:38:05","guid":{"rendered":"https:\/\/www.leds2all.pt\/?post_type=product&#038;p=9380"},"modified":"2020-10-01T10:34:44","modified_gmt":"2020-10-01T10:34:44","slug":"lampada-led-opalina-220v-e27-7w-branco-q-3000k","status":"publish","type":"product","link":"https:\/\/www.leds2all.pt\/?product=lampada-led-opalina-220v-e27-7w-branco-q-3000k","title":{"rendered":"Lampada LED Opalina 220V E27 7W Branco Q. 3000K"},"content":{"rendered":"<p>Dimens\u00f5es 35x103mm<br \/>\nTens\u00e3o: 230V AC<br \/>\nPot\u00eancia 7W<br \/>\nCasquilho: E27<br \/>\nCor: 3000K<br \/>\nFluxo Lum.: 560Lm<br \/>\nGraus: 360\u00ba<\/p>\n<p>D37*H100mm<\/p>\n","protected":false},"excerpt":{"rendered":"<p>Dimens\u00f5es 35x103mm Tens\u00e3o: 230V AC Pot\u00eancia 7W Casquilho: E27 Cor: 3000K Fluxo Lum.: 560Lm Graus: 360\u00ba D37*H100mm<\/p>\n","protected":false},"featured_media":8675,"comment_status":"open","ping_status":"closed","template":"","meta":{"_monsterinsights_skip_tracking":false,"_monsterinsights_sitenote_active":false,"_monsterinsights_sitenote_note":"","_monsterinsights_sitenote_category":0},"product_brand":[],"product_cat":[359],"product_tag":[327,329,360],"class_list":{"0":"post-9380","1":"product","2":"type-product","3":"status-publish","4":"has-post-thumbnail","6":"product_cat-e27","7":"product_tag-3000k","8":"product_tag-7w","9":"product_tag-e27","11":"first","12":"onbackorder","13":"shipping-taxable","14":"purchasable","15":"product-type-simple"},"aioseo_notices":[],"_links":{"self":[{"href":"https:\/\/www.leds2all.pt\/index.php?rest_route=\/wp\/v2\/product\/9380","targetHints":{"allow":["GET"]}}],"collection":[{"href":"https:\/\/www.leds2all.pt\/index.php?rest_route=\/wp\/v2\/product"}],"about":[{"href":"https:\/\/www.leds2all.pt\/index.php?rest_route=\/wp\/v2\/types\/product"}],"replies":[{"embeddable":true,"href":"https:\/\/www.leds2all.pt\/index.php?rest_route=%2Fwp%2Fv2%2Fcomments&post=9380"}],"wp:featuredmedia":[{"embeddable":true,"href":"https:\/\/www.leds2all.pt\/index.php?rest_route=\/wp\/v2\/media\/8675"}],"wp:attachment":[{"href":"https:\/\/www.leds2all.pt\/index.php?rest_route=%2Fwp%2Fv2%2Fmedia&parent=9380"}],"wp:term":[{"taxonomy":"product_brand","embeddable":true,"href":"https:\/\/www.leds2all.pt\/index.php?rest_route=%2Fwp%2Fv2%2Fproduct_brand&post=9380"},{"taxonomy":"product_cat","embeddable":true,"href":"https:\/\/www.leds2all.pt\/index.php?rest_route=%2Fwp%2Fv2%2Fproduct_cat&post=9380"},{"taxonomy":"product_tag","embeddable":true,"href":"https:\/\/www.leds2all.pt\/index.php?rest_route=%2Fwp%2Fv2%2Fproduct_tag&post=9380"}],"curies":[{"name":"wp","href":"https:\/\/api.w.org\/{rel}","templated":true}]}}