{"id":9465,"date":"2020-06-03T11:06:20","date_gmt":"2020-06-03T11:06:20","guid":{"rendered":"https:\/\/www.leds2all.pt\/?post_type=product&#038;p=9465"},"modified":"2024-11-27T11:10:56","modified_gmt":"2024-11-27T11:10:56","slug":"arrancador-para-lampadas-led-t8","status":"publish","type":"product","link":"https:\/\/www.leds2all.pt\/?product=arrancador-para-lampadas-led-t8","title":{"rendered":"Arrancador para lampadas LED T8"},"content":{"rendered":"<p>Arrancador para Lampadas LED T8<\/p>\n<p>&nbsp;<\/p>\n<p><span style=\"font-size: 18pt; color: #ff0000;\"><strong>ATEN\u00c7\u00c3O<\/strong><\/span>: Este arrancador s\u00f3 deve ser usado nas lampadas com conex\u00e3o unilateral, e apenas na situa\u00e7\u00e3o de se trocar as lampadas incandescentes antigas por lampadas LED, e manter as armaduras originais.<\/p>\n","protected":false},"excerpt":{"rendered":"<p>Arrancador para Lampadas LED T8 &nbsp; ATEN\u00c7\u00c3O: Este arrancador s\u00f3 deve ser usado nas lampadas com conex\u00e3o unilateral, e apenas na situa\u00e7\u00e3o de se trocar as lampadas incandescentes antigas por lampadas LED, e manter as armaduras originais.<\/p>\n","protected":false},"featured_media":9466,"comment_status":"open","ping_status":"closed","template":"","meta":{"_monsterinsights_skip_tracking":false,"_monsterinsights_sitenote_active":false,"_monsterinsights_sitenote_note":"","_monsterinsights_sitenote_category":0},"product_brand":[],"product_cat":[477],"product_tag":[482,478],"class_list":{"0":"post-9465","1":"product","2":"type-product","3":"status-publish","4":"has-post-thumbnail","6":"product_cat-t8","7":"product_tag-arrancador","8":"product_tag-t8","10":"first","11":"instock","12":"shipping-taxable","13":"purchasable","14":"product-type-simple"},"aioseo_notices":[],"_links":{"self":[{"href":"https:\/\/www.leds2all.pt\/index.php?rest_route=\/wp\/v2\/product\/9465","targetHints":{"allow":["GET"]}}],"collection":[{"href":"https:\/\/www.leds2all.pt\/index.php?rest_route=\/wp\/v2\/product"}],"about":[{"href":"https:\/\/www.leds2all.pt\/index.php?rest_route=\/wp\/v2\/types\/product"}],"replies":[{"embeddable":true,"href":"https:\/\/www.leds2all.pt\/index.php?rest_route=%2Fwp%2Fv2%2Fcomments&post=9465"}],"wp:featuredmedia":[{"embeddable":true,"href":"https:\/\/www.leds2all.pt\/index.php?rest_route=\/wp\/v2\/media\/9466"}],"wp:attachment":[{"href":"https:\/\/www.leds2all.pt\/index.php?rest_route=%2Fwp%2Fv2%2Fmedia&parent=9465"}],"wp:term":[{"taxonomy":"product_brand","embeddable":true,"href":"https:\/\/www.leds2all.pt\/index.php?rest_route=%2Fwp%2Fv2%2Fproduct_brand&post=9465"},{"taxonomy":"product_cat","embeddable":true,"href":"https:\/\/www.leds2all.pt\/index.php?rest_route=%2Fwp%2Fv2%2Fproduct_cat&post=9465"},{"taxonomy":"product_tag","embeddable":true,"href":"https:\/\/www.leds2all.pt\/index.php?rest_route=%2Fwp%2Fv2%2Fproduct_tag&post=9465"}],"curies":[{"name":"wp","href":"https:\/\/api.w.org\/{rel}","templated":true}]}}