{"id":9469,"date":"2020-06-03T11:21:33","date_gmt":"2020-06-03T11:21:33","guid":{"rendered":"https:\/\/www.leds2all.pt\/?post_type=product&#038;p=9469"},"modified":"2024-11-27T11:10:58","modified_gmt":"2024-11-27T11:10:58","slug":"lampada-t8-led-1200mm-18w-6500k-unilateral","status":"publish","type":"product","link":"https:\/\/www.leds2all.pt\/?product=lampada-t8-led-1200mm-18w-6500k-unilateral","title":{"rendered":"Lampada T8 LED (unilateral)"},"content":{"rendered":"<p>&#8211; Tipo de base: T8<br \/>\n&#8211; Tens\u00e3o: 85-265V<br \/>\n&#8211; Pot\u00eancia: 18W<br \/>\n&#8211; Temperatura de cor: 6500K (branco frio);<br \/>\n&#8211; Fluxo luminoso: 1620Lm<br \/>\n&#8211; Tempo para atingir fluxo luminoso m\u00e1ximo: 0s<br \/>\n&#8211; \u00c2ngulo de abertura: 200\u00ba<br \/>\n&#8211; Dimens\u00f5es: \u00d826x1200mm<\/p>\n<p>CONEX\u00c3O UNILATERAL<\/p>\n<p>&nbsp;<\/p>\n<p>No caso de trocar as lampadas incandescentes antigas por lampadas LED, e manter as armaduras originais, dever\u00e1 usar tamb\u00e9m o arrancador (c\u00f3digo 175320 do nosso site); para que funcione correctamente. Caso contr\u00e1rio ter\u00e1 de efectuar altera\u00e7\u00f5es na armadura de original.<\/p>\n","protected":false},"excerpt":{"rendered":"<p>&#8211; Tipo de base: T8 &#8211; Tens\u00e3o: 85-265V &#8211; Pot\u00eancia: 18W &#8211; Temperatura de cor: 6500K (branco frio); &#8211; Fluxo luminoso: 1620Lm &#8211; Tempo para atingir fluxo luminoso m\u00e1ximo: 0s &#8211; \u00c2ngulo de abertura: 200\u00ba &#8211; Dimens\u00f5es: \u00d826x1200mm CONEX\u00c3O UNILATERAL &nbsp; No caso de trocar as lampadas incandescentes antigas por lampadas LED, e manter as [&hellip;]<\/p>\n","protected":false},"featured_media":9462,"comment_status":"open","ping_status":"closed","template":"","meta":{"_monsterinsights_skip_tracking":false,"_monsterinsights_sitenote_active":false,"_monsterinsights_sitenote_note":"","_monsterinsights_sitenote_category":0},"product_brand":[],"product_cat":[312],"product_tag":[483,480,478],"class_list":{"0":"post-9469","1":"product","2":"type-product","3":"status-publish","4":"has-post-thumbnail","6":"product_cat-iluminacao-led","7":"product_tag-1200mm","8":"product_tag-6500k","9":"product_tag-t8","11":"first","12":"instock","13":"shipping-taxable","14":"purchasable","15":"product-type-variable"},"aioseo_notices":[],"_links":{"self":[{"href":"https:\/\/www.leds2all.pt\/index.php?rest_route=\/wp\/v2\/product\/9469","targetHints":{"allow":["GET"]}}],"collection":[{"href":"https:\/\/www.leds2all.pt\/index.php?rest_route=\/wp\/v2\/product"}],"about":[{"href":"https:\/\/www.leds2all.pt\/index.php?rest_route=\/wp\/v2\/types\/product"}],"replies":[{"embeddable":true,"href":"https:\/\/www.leds2all.pt\/index.php?rest_route=%2Fwp%2Fv2%2Fcomments&post=9469"}],"wp:featuredmedia":[{"embeddable":true,"href":"https:\/\/www.leds2all.pt\/index.php?rest_route=\/wp\/v2\/media\/9462"}],"wp:attachment":[{"href":"https:\/\/www.leds2all.pt\/index.php?rest_route=%2Fwp%2Fv2%2Fmedia&parent=9469"}],"wp:term":[{"taxonomy":"product_brand","embeddable":true,"href":"https:\/\/www.leds2all.pt\/index.php?rest_route=%2Fwp%2Fv2%2Fproduct_brand&post=9469"},{"taxonomy":"product_cat","embeddable":true,"href":"https:\/\/www.leds2all.pt\/index.php?rest_route=%2Fwp%2Fv2%2Fproduct_cat&post=9469"},{"taxonomy":"product_tag","embeddable":true,"href":"https:\/\/www.leds2all.pt\/index.php?rest_route=%2Fwp%2Fv2%2Fproduct_tag&post=9469"}],"curies":[{"name":"wp","href":"https:\/\/api.w.org\/{rel}","templated":true}]}}