{"id":9479,"date":"2020-06-03T13:29:45","date_gmt":"2020-06-03T13:29:45","guid":{"rendered":"https:\/\/www.leds2all.pt\/?post_type=product&#038;p=9479"},"modified":"2023-03-12T16:49:59","modified_gmt":"2023-03-12T16:49:59","slug":"armadura-para-2-lampadas-t8-led-600mm","status":"publish","type":"product","link":"https:\/\/www.leds2all.pt\/?product=armadura-para-2-lampadas-t8-led-600mm","title":{"rendered":"Armadura para 2 lampadas T8 LED 600mm"},"content":{"rendered":"<p>Armadura para 2 lampadas T8 LED 600mm<\/p>\n<p>&nbsp;<\/p>\n<p><span style=\"color: #ff0000;\">Aten\u00e7\u00e3o:<\/span> A armadura vem preparada para usar lampadas com conex\u00e3o unilateral, mas pode ser facilmente convertida para usar lampadas com conex\u00e3o bilateral.<\/p>\n","protected":false},"excerpt":{"rendered":"<p>Armadura para 2 lampadas T8 LED 600mm &nbsp; Aten\u00e7\u00e3o: A armadura vem preparada para usar lampadas com conex\u00e3o unilateral, mas pode ser facilmente convertida para usar lampadas com conex\u00e3o bilateral.<\/p>\n","protected":false},"featured_media":9480,"comment_status":"open","ping_status":"closed","template":"","meta":{"_monsterinsights_skip_tracking":false,"_monsterinsights_sitenote_active":false,"_monsterinsights_sitenote_note":"","_monsterinsights_sitenote_category":0},"product_brand":[],"product_cat":[486],"product_tag":[479,485],"class_list":{"0":"post-9479","1":"product","2":"type-product","3":"status-publish","4":"has-post-thumbnail","6":"product_cat-armaduras","7":"product_tag-600mm","8":"product_tag-armadura","10":"first","11":"onbackorder","12":"shipping-taxable","13":"purchasable","14":"product-type-simple"},"aioseo_notices":[],"_links":{"self":[{"href":"https:\/\/www.leds2all.pt\/index.php?rest_route=\/wp\/v2\/product\/9479","targetHints":{"allow":["GET"]}}],"collection":[{"href":"https:\/\/www.leds2all.pt\/index.php?rest_route=\/wp\/v2\/product"}],"about":[{"href":"https:\/\/www.leds2all.pt\/index.php?rest_route=\/wp\/v2\/types\/product"}],"replies":[{"embeddable":true,"href":"https:\/\/www.leds2all.pt\/index.php?rest_route=%2Fwp%2Fv2%2Fcomments&post=9479"}],"wp:featuredmedia":[{"embeddable":true,"href":"https:\/\/www.leds2all.pt\/index.php?rest_route=\/wp\/v2\/media\/9480"}],"wp:attachment":[{"href":"https:\/\/www.leds2all.pt\/index.php?rest_route=%2Fwp%2Fv2%2Fmedia&parent=9479"}],"wp:term":[{"taxonomy":"product_brand","embeddable":true,"href":"https:\/\/www.leds2all.pt\/index.php?rest_route=%2Fwp%2Fv2%2Fproduct_brand&post=9479"},{"taxonomy":"product_cat","embeddable":true,"href":"https:\/\/www.leds2all.pt\/index.php?rest_route=%2Fwp%2Fv2%2Fproduct_cat&post=9479"},{"taxonomy":"product_tag","embeddable":true,"href":"https:\/\/www.leds2all.pt\/index.php?rest_route=%2Fwp%2Fv2%2Fproduct_tag&post=9479"}],"curies":[{"name":"wp","href":"https:\/\/api.w.org\/{rel}","templated":true}]}}