{"id":9527,"date":"2020-06-05T10:26:50","date_gmt":"2020-06-05T10:26:50","guid":{"rendered":"https:\/\/www.leds2all.pt\/?post_type=product&#038;p=9527"},"modified":"2023-10-11T20:45:43","modified_gmt":"2023-10-11T20:45:43","slug":"armadura-ip65-para-lampada-t8-led-600mm","status":"publish","type":"product","link":"https:\/\/www.leds2all.pt\/?product=armadura-ip65-para-lampada-t8-led-600mm","title":{"rendered":"Armadura IP65 para lampada T8 LED 600mm"},"content":{"rendered":"<p>Armadura IP65 para 1 lampada T8 LED 600mm<\/p>\n<p>660x68x50 mm<\/p>\n<p align=\"justify\"><strong>A Armadura Herm\u00e9tica Slim para\u00a0um Tubo LED de 600mm\u00a0IP65 com conex\u00e3o uni-lateral permite-nos instalar\u00a0<\/strong><strong>um<\/strong><strong>\u00a0Tubo T8<\/strong>\u00a0e mant\u00ea-los protegidos de p\u00f3 e humidade.<\/p>\n<p align=\"justify\">Com este tipo de armaduras herm\u00e9ticas para tubos LED dispomos de uma lumin\u00e1ria que poderemos colocar um tubo de LED de grande capacidade luminica e que\u00a0<strong>suporta \u00e1 perfei\u00e7\u00e3o as\u00a0rudezas do tempo gra\u00e7as ao seu factor de prote\u00e7\u00e3o IP65.<\/strong>\u00a0Ao estar fabricada em PC, esta armadura herm\u00e9tica para\u00a0um Tubo LED de 600mm \u00e9 extremamente resistente a impactos.<\/p>\n<p align=\"justify\">A sua fixa\u00e7\u00e3o a qualquer superficie realiza-se mediante clips de a\u00e7o inoxid\u00e1vel. Por outro lado, a armadura herm\u00e9tica para\u00a0um Tubos LED de 600mm\u00a0IP65 com conex\u00e3o uni-lateral j\u00e1\u00a0<strong>incorpora toda a cablagem e os porta-l\u00e2mpadas necess\u00e1rios para funcionar.<\/strong><\/p>\n<p><span style=\"color: #ff0000;\">Aten\u00e7\u00e3o:<\/span> A armadura vem preparada para usar lampadas com conex\u00e3o unilateral, mas pode ser facilmente convertida para usar lampadas com conex\u00e3o bilateral.<\/p>\n","protected":false},"excerpt":{"rendered":"<p>Armadura IP65 para 1 lampada T8 LED 600mm 660x68x50 mm A Armadura Herm\u00e9tica Slim para\u00a0um Tubo LED de 600mm\u00a0IP65 com conex\u00e3o uni-lateral permite-nos instalar\u00a0um\u00a0Tubo T8\u00a0e mant\u00ea-los protegidos de p\u00f3 e humidade. Com este tipo de armaduras herm\u00e9ticas para tubos LED dispomos de uma lumin\u00e1ria que poderemos colocar um tubo de LED de grande capacidade luminica [&hellip;]<\/p>\n","protected":false},"featured_media":9528,"comment_status":"open","ping_status":"closed","template":"","meta":{"_monsterinsights_skip_tracking":false,"_monsterinsights_sitenote_active":false,"_monsterinsights_sitenote_note":"","_monsterinsights_sitenote_category":0},"product_brand":[],"product_cat":[486],"product_tag":[479,485,497],"class_list":{"0":"post-9527","1":"product","2":"type-product","3":"status-publish","4":"has-post-thumbnail","6":"product_cat-armaduras","7":"product_tag-600mm","8":"product_tag-armadura","9":"product_tag-ip65","11":"first","12":"instock","13":"shipping-taxable","14":"purchasable","15":"product-type-simple"},"aioseo_notices":[],"_links":{"self":[{"href":"https:\/\/www.leds2all.pt\/index.php?rest_route=\/wp\/v2\/product\/9527","targetHints":{"allow":["GET"]}}],"collection":[{"href":"https:\/\/www.leds2all.pt\/index.php?rest_route=\/wp\/v2\/product"}],"about":[{"href":"https:\/\/www.leds2all.pt\/index.php?rest_route=\/wp\/v2\/types\/product"}],"replies":[{"embeddable":true,"href":"https:\/\/www.leds2all.pt\/index.php?rest_route=%2Fwp%2Fv2%2Fcomments&post=9527"}],"wp:featuredmedia":[{"embeddable":true,"href":"https:\/\/www.leds2all.pt\/index.php?rest_route=\/wp\/v2\/media\/9528"}],"wp:attachment":[{"href":"https:\/\/www.leds2all.pt\/index.php?rest_route=%2Fwp%2Fv2%2Fmedia&parent=9527"}],"wp:term":[{"taxonomy":"product_brand","embeddable":true,"href":"https:\/\/www.leds2all.pt\/index.php?rest_route=%2Fwp%2Fv2%2Fproduct_brand&post=9527"},{"taxonomy":"product_cat","embeddable":true,"href":"https:\/\/www.leds2all.pt\/index.php?rest_route=%2Fwp%2Fv2%2Fproduct_cat&post=9527"},{"taxonomy":"product_tag","embeddable":true,"href":"https:\/\/www.leds2all.pt\/index.php?rest_route=%2Fwp%2Fv2%2Fproduct_tag&post=9527"}],"curies":[{"name":"wp","href":"https:\/\/api.w.org\/{rel}","templated":true}]}}