{"id":9586,"date":"2020-06-12T15:17:41","date_gmt":"2020-06-12T15:17:41","guid":{"rendered":"https:\/\/www.leds2all.pt\/?post_type=product&#038;p=9586"},"modified":"2022-06-28T10:13:38","modified_gmt":"2022-06-28T10:13:38","slug":"pen-drive-usb3-0-16gb-uts3-preto-goodram","status":"publish","type":"product","link":"https:\/\/www.leds2all.pt\/?product=pen-drive-usb3-0-16gb-uts3-preto-goodram","title":{"rendered":"Vela de citronela com recipiente de vidro \u00f88x8cm cores variadas"},"content":{"rendered":"<div>\n<div class=\"key\">Tipo &#8211; Vela citronella<\/div>\n<\/div>\n<div>\n<div class=\"key\">Material &#8211; Cristal<\/div>\n<\/div>\n<div>\n<div class=\"key\">Color &#8211; Colores surtidos (consoante existencias);<\/div>\n<\/div>\n<div>\n<div class=\"key\">Medida &#8211; \u00f8 8&#215;8 cm<\/div>\n<\/div>\n<div>\n<div class=\"key\">Caracteristicas &#8211; Anti-mosquitos<\/div>\n<div>Dura\u00e7\u00e3o &#8211; Aproximadamente 15h<\/div>\n<\/div>\n","protected":false},"excerpt":{"rendered":"<p>Tipo &#8211; Vela citronella Material &#8211; Cristal Color &#8211; Colores surtidos (consoante existencias); Medida &#8211; \u00f8 8&#215;8 cm Caracteristicas &#8211; Anti-mosquitos Dura\u00e7\u00e3o &#8211; Aproximadamente 15h<\/p>\n","protected":false},"featured_media":12150,"comment_status":"open","ping_status":"closed","template":"","meta":{"_monsterinsights_skip_tracking":false,"_monsterinsights_sitenote_active":false,"_monsterinsights_sitenote_note":"","_monsterinsights_sitenote_category":0},"product_brand":[],"product_cat":[494],"product_tag":[738,737],"class_list":{"0":"post-9586","1":"product","2":"type-product","3":"status-publish","4":"has-post-thumbnail","6":"product_cat-utilidades-casa","7":"product_tag-citronela","8":"product_tag-vela","10":"first","11":"instock","12":"shipping-taxable","13":"product-type-simple"},"aioseo_notices":[],"_links":{"self":[{"href":"https:\/\/www.leds2all.pt\/index.php?rest_route=\/wp\/v2\/product\/9586","targetHints":{"allow":["GET"]}}],"collection":[{"href":"https:\/\/www.leds2all.pt\/index.php?rest_route=\/wp\/v2\/product"}],"about":[{"href":"https:\/\/www.leds2all.pt\/index.php?rest_route=\/wp\/v2\/types\/product"}],"replies":[{"embeddable":true,"href":"https:\/\/www.leds2all.pt\/index.php?rest_route=%2Fwp%2Fv2%2Fcomments&post=9586"}],"wp:featuredmedia":[{"embeddable":true,"href":"https:\/\/www.leds2all.pt\/index.php?rest_route=\/wp\/v2\/media\/12150"}],"wp:attachment":[{"href":"https:\/\/www.leds2all.pt\/index.php?rest_route=%2Fwp%2Fv2%2Fmedia&parent=9586"}],"wp:term":[{"taxonomy":"product_brand","embeddable":true,"href":"https:\/\/www.leds2all.pt\/index.php?rest_route=%2Fwp%2Fv2%2Fproduct_brand&post=9586"},{"taxonomy":"product_cat","embeddable":true,"href":"https:\/\/www.leds2all.pt\/index.php?rest_route=%2Fwp%2Fv2%2Fproduct_cat&post=9586"},{"taxonomy":"product_tag","embeddable":true,"href":"https:\/\/www.leds2all.pt\/index.php?rest_route=%2Fwp%2Fv2%2Fproduct_tag&post=9586"}],"curies":[{"name":"wp","href":"https:\/\/api.w.org\/{rel}","templated":true}]}}