{"id":9596,"date":"2020-06-12T19:54:31","date_gmt":"2020-06-12T19:54:31","guid":{"rendered":"https:\/\/www.leds2all.pt\/?post_type=product&#038;p=9596"},"modified":"2024-06-16T21:28:45","modified_gmt":"2024-06-16T21:28:45","slug":"kit-lampadas-led-h7","status":"publish","type":"product","link":"https:\/\/www.leds2all.pt\/?product=kit-lampadas-led-h7","title":{"rendered":"Kit lampadas LED H7"},"content":{"rendered":"<p>Socket H7<\/p>\n<p><span data-spm-anchor-id=\"a2g0o.detail.1000023.i0.68d6343ba2chxP\">Fonte: XHP50<\/span><\/p>\n<p>Temperatura de cor 6000 k<\/p>\n<p data-spm-anchor-id=\"a2g0o.detail.1000023.i1.68d6343ba2chxP\">Pot\u00eancia: 80 W \/ par<\/p>\n<p data-spm-anchor-id=\"a2g0o.detail.1000023.i1.68d6343ba2chxP\">Lumens: 9600lm \/ par<\/p>\n<p>Tens\u00e3o: 12-24 v<\/p>\n<p>Vida:&gt; 30000 horas<\/p>\n<p>Classifica\u00e7\u00e3o \u00e0 prova d&#8217; \u00e1gua: IP67<\/p>\n<p>Material: alum\u00ednio + cobre<\/p>\n<p><strong>Pacote Inclui:<br \/>\n<\/strong><\/p>\n<p>2 lampadas<\/p>\n\n\t\t<style type=\"text\/css\">\n\t\t\t#gallery-1 {\n\t\t\t\tmargin: auto;\n\t\t\t}\n\t\t\t#gallery-1 .gallery-item {\n\t\t\t\tfloat: left;\n\t\t\t\tmargin-top: 10px;\n\t\t\t\ttext-align: center;\n\t\t\t\twidth: 33%;\n\t\t\t}\n\t\t\t#gallery-1 img {\n\t\t\t\tborder: 2px solid #cfcfcf;\n\t\t\t}\n\t\t\t#gallery-1 .gallery-caption {\n\t\t\t\tmargin-left: 0;\n\t\t\t}\n\t\t\t\/* see gallery_shortcode() in wp-includes\/media.php *\/\n\t\t<\/style>\n\t\t<div id='gallery-1' class='gallery galleryid-9596 gallery-columns-3 gallery-size-thumbnail'><dl class='gallery-item'>\n\t\t\t<dt class='gallery-icon landscape'>\n\t\t\t\t<a href='https:\/\/www.leds2all.pt\/wp-content\/uploads\/2020\/06\/Screenshot_1-18.jpg'><img loading=\"lazy\" decoding=\"async\" width=\"150\" height=\"150\" src=\"https:\/\/www.leds2all.pt\/wp-content\/uploads\/2020\/06\/Screenshot_1-18-150x150.jpg\" class=\"attachment-thumbnail size-thumbnail\" alt=\"\" srcset=\"https:\/\/www.leds2all.pt\/wp-content\/uploads\/2020\/06\/Screenshot_1-18-150x150.jpg 150w, https:\/\/www.leds2all.pt\/wp-content\/uploads\/2020\/06\/Screenshot_1-18-100x100.jpg 100w, https:\/\/www.leds2all.pt\/wp-content\/uploads\/2020\/06\/Screenshot_1-18-40x40.jpg 40w\" sizes=\"auto, (max-width: 150px) 100vw, 150px\" \/><\/a>\n\t\t\t<\/dt><\/dl>\n\t\t\t<br style='clear: both' \/>\n\t\t<\/div>\n\n","protected":false},"excerpt":{"rendered":"<p>Socket H7 Fonte: XHP50 Temperatura de cor 6000 k Pot\u00eancia: 80 W \/ par Lumens: 9600lm \/ par Tens\u00e3o: 12-24 v Vida:&gt; 30000 horas Classifica\u00e7\u00e3o \u00e0 prova d&#8217; \u00e1gua: IP67 Material: alum\u00ednio + cobre Pacote Inclui: 2 lampadas<\/p>\n","protected":false},"featured_media":9597,"comment_status":"open","ping_status":"closed","template":"","meta":{"_monsterinsights_skip_tracking":false,"_monsterinsights_sitenote_active":false,"_monsterinsights_sitenote_note":"","_monsterinsights_sitenote_category":0},"product_brand":[],"product_cat":[504],"product_tag":[441],"class_list":{"0":"post-9596","1":"product","2":"type-product","3":"status-publish","4":"has-post-thumbnail","6":"product_cat-h7","7":"product_tag-h7","9":"first","10":"outofstock","11":"shipping-taxable","12":"purchasable","13":"product-type-simple"},"aioseo_notices":[],"_links":{"self":[{"href":"https:\/\/www.leds2all.pt\/index.php?rest_route=\/wp\/v2\/product\/9596","targetHints":{"allow":["GET"]}}],"collection":[{"href":"https:\/\/www.leds2all.pt\/index.php?rest_route=\/wp\/v2\/product"}],"about":[{"href":"https:\/\/www.leds2all.pt\/index.php?rest_route=\/wp\/v2\/types\/product"}],"replies":[{"embeddable":true,"href":"https:\/\/www.leds2all.pt\/index.php?rest_route=%2Fwp%2Fv2%2Fcomments&post=9596"}],"wp:featuredmedia":[{"embeddable":true,"href":"https:\/\/www.leds2all.pt\/index.php?rest_route=\/wp\/v2\/media\/9597"}],"wp:attachment":[{"href":"https:\/\/www.leds2all.pt\/index.php?rest_route=%2Fwp%2Fv2%2Fmedia&parent=9596"}],"wp:term":[{"taxonomy":"product_brand","embeddable":true,"href":"https:\/\/www.leds2all.pt\/index.php?rest_route=%2Fwp%2Fv2%2Fproduct_brand&post=9596"},{"taxonomy":"product_cat","embeddable":true,"href":"https:\/\/www.leds2all.pt\/index.php?rest_route=%2Fwp%2Fv2%2Fproduct_cat&post=9596"},{"taxonomy":"product_tag","embeddable":true,"href":"https:\/\/www.leds2all.pt\/index.php?rest_route=%2Fwp%2Fv2%2Fproduct_tag&post=9596"}],"curies":[{"name":"wp","href":"https:\/\/api.w.org\/{rel}","templated":true}]}}