{"id":9761,"date":"2020-06-23T13:22:44","date_gmt":"2020-06-23T13:22:44","guid":{"rendered":"https:\/\/www.leds2all.pt\/?post_type=product&#038;p=9761"},"modified":"2022-12-11T22:19:03","modified_gmt":"2022-12-11T22:19:03","slug":"lampada-gu10-5w-branco-frio-dimavel","status":"publish","type":"product","link":"https:\/\/www.leds2all.pt\/?product=lampada-gu10-5w-branco-frio-dimavel","title":{"rendered":"Lampada GU10 5W Branco frio Dim\u00e1vel"},"content":{"rendered":"<table class=\"c-product-table\">\n<tbody class=\"c-product-table__tbody\">\n<tr class=\"row c-product-table__row is-product-table_row\">\n<td class=\"c-product-table__cell\" data-id-feature=\"6\">Pot\u00eancia:<\/td>\n<td class=\"c-product-table__cell c-product-table__cell--value\" data-id-feature=\"6\" data-id-feature-value=\"5410102\">5 W<\/td>\n<\/tr>\n<tr class=\"row c-product-table__row is-product-table_row\">\n<td class=\"c-product-table__cell\" data-id-feature=\"7\">Alimenta\u00e7\u00e3o:<\/td>\n<td class=\"c-product-table__cell c-product-table__cell--value\" data-id-feature=\"7\" data-id-feature-value=\"108081\">220-240V AC<\/td>\n<\/tr>\n<tr class=\"row c-product-table__row is-product-table_row\">\n<td class=\"c-product-table__cell\" data-id-feature=\"46\">Multivoltagem:<\/td>\n<td class=\"c-product-table__cell c-product-table__cell--value\" data-id-feature=\"46\" data-id-feature-value=\"167846\">85-265V AC<\/td>\n<\/tr>\n<tr class=\"row c-product-table__row is-product-table_row\">\n<td class=\"c-product-table__cell\" data-id-feature=\"37\">Frequ\u00eancia:<\/td>\n<td class=\"c-product-table__cell c-product-table__cell--value\" data-id-feature=\"37\" data-id-feature-value=\"105255\">50-60 Hz<\/td>\n<\/tr>\n<tr class=\"row c-product-table__row is-product-table_row\">\n<td class=\"c-product-table__cell\" data-id-feature=\"38\">Regulavel:<\/td>\n<td class=\"c-product-table__cell c-product-table__cell--value\" data-id-feature=\"38\" data-id-feature-value=\"316907\">TRIAC<\/td>\n<\/tr>\n<tr class=\"row c-product-table__row is-product-table_row\">\n<td class=\"c-product-table__cell\" data-id-feature=\"200\">Casquilho:<\/td>\n<td class=\"c-product-table__cell c-product-table__cell--value\" data-id-feature=\"200\" data-id-feature-value=\"2017775\">GU10<\/td>\n<\/tr>\n<tr class=\"row c-product-table__row is-product-table_row\">\n<td class=\"c-product-table__cell\" data-id-feature=\"27\">Fonte luminosa:<\/td>\n<td class=\"c-product-table__cell c-product-table__cell--value\" data-id-feature=\"27\" data-id-feature-value=\"5410117\">Epistar-SMD2835<\/td>\n<\/tr>\n<tr class=\"row c-product-table__row is-product-table_row\">\n<td class=\"c-product-table__cell\" data-id-feature=\"17\">Cantidade de LEDs:<\/td>\n<td class=\"c-product-table__cell c-product-table__cell--value\" data-id-feature=\"17\" data-id-feature-value=\"5410122\">9<\/td>\n<\/tr>\n<tr class=\"row c-product-table__row is-product-table_row\">\n<td class=\"c-product-table__cell\" data-id-feature=\"26\">CRI:<\/td>\n<td class=\"c-product-table__cell c-product-table__cell--value\" data-id-feature=\"26\" data-id-feature-value=\"84153\">80<\/td>\n<\/tr>\n<tr class=\"row c-product-table__row is-product-table_row\">\n<td class=\"c-product-table__cell\" data-id-feature=\"9\">Luminosidade:<\/td>\n<td class=\"c-product-table__cell c-product-table__cell--value\" data-id-feature=\"9\" data-id-feature-value=\"4344072\">400 lm<\/td>\n<\/tr>\n<tr class=\"row c-product-table__row is-product-table_row\">\n<td class=\"c-product-table__cell\" data-id-feature=\"2948\">Efici\u00eancia energ\u00e9tica 2023 (UE-2019\/2015);:<\/td>\n<td class=\"c-product-table__cell c-product-table__cell--value\" data-id-feature=\"2948\" data-id-feature-value=\"4731608\">F<\/td>\n<\/tr>\n<tr class=\"row c-product-table__row is-product-table_row\">\n<td class=\"c-product-table__cell\" data-id-feature=\"10\">\u00c1ngulo de Abertura:<\/td>\n<td class=\"c-product-table__cell c-product-table__cell--value\" data-id-feature=\"10\" data-id-feature-value=\"3838\">120\u00ba<\/td>\n<\/tr>\n<tr class=\"row c-product-table__row is-product-table_row\">\n<td class=\"c-product-table__cell\" data-id-feature=\"14\">Tipo de Lente:<\/td>\n<td class=\"c-product-table__cell c-product-table__cell--value\" data-id-feature=\"14\" data-id-feature-value=\"119533\">Transl\u00facido<\/td>\n<\/tr>\n<tr class=\"row c-product-table__row is-product-table_row\">\n<td class=\"c-product-table__cell\" data-id-feature=\"25\">Uso:<\/td>\n<td class=\"c-product-table__cell c-product-table__cell--value\" data-id-feature=\"25\" data-id-feature-value=\"124757\">Interior<\/td>\n<\/tr>\n<tr class=\"row c-product-table__row is-product-table_row\">\n<td class=\"c-product-table__cell\" data-id-feature=\"15\">Prote\u00e7\u00e3o IP:<\/td>\n<td class=\"c-product-table__cell c-product-table__cell--value\" data-id-feature=\"15\" data-id-feature-value=\"57897\">IP20<\/td>\n<\/tr>\n<tr class=\"row c-product-table__row is-product-table_row\">\n<td class=\"c-product-table__cell\" data-id-feature=\"18\">Material:<\/td>\n<td class=\"c-product-table__cell c-product-table__cell--value\" data-id-feature=\"18\" data-id-feature-value=\"148911\">Aluminio, PC<\/td>\n<\/tr>\n<tr class=\"row c-product-table__row is-product-table_row\">\n<td class=\"c-product-table__cell\" data-id-feature=\"16\">Dimens\u00f5es:<\/td>\n<td class=\"c-product-table__cell c-product-table__cell--value\" data-id-feature=\"16\" data-id-feature-value=\"5410127\">56x\u00d850 mm<\/td>\n<\/tr>\n<tr class=\"row c-product-table__row is-product-table_row\">\n<td class=\"c-product-table__cell\" data-id-feature=\"4\">Peso:<\/td>\n<td class=\"c-product-table__cell c-product-table__cell--value\" data-id-feature=\"4\" data-id-feature-value=\"5410132\">0.02 kg<\/td>\n<\/tr>\n<tr class=\"row c-product-table__row is-product-table_row\">\n<td class=\"c-product-table__cell\" data-id-feature=\"29\">T\u00aa Ambiente Trabalho:<\/td>\n<td class=\"c-product-table__cell c-product-table__cell--value\" data-id-feature=\"29\" data-id-feature-value=\"135500\">-20\u00b0C ~ +40\u00b0C<\/td>\n<\/tr>\n<tr class=\"row c-product-table__row is-product-table_row\">\n<td class=\"c-product-table__cell\" data-id-feature=\"13\">Vida \u00datil:<\/td>\n<td class=\"c-product-table__cell c-product-table__cell--value\" data-id-feature=\"13\" data-id-feature-value=\"158408\">40.000 Horas<\/td>\n<\/tr>\n<\/tbody>\n<\/table>\n","protected":false},"excerpt":{"rendered":"<p>Pot\u00eancia: 5 W Alimenta\u00e7\u00e3o: 220-240V AC Multivoltagem: 85-265V AC Frequ\u00eancia: 50-60 Hz Regulavel: TRIAC Casquilho: GU10 Fonte luminosa: Epistar-SMD2835 Cantidade de LEDs: 9 CRI: 80 Luminosidade: 400 lm Efici\u00eancia energ\u00e9tica 2023 (UE-2019\/2015);: F \u00c1ngulo de Abertura: 120\u00ba Tipo de Lente: Transl\u00facido Uso: Interior Prote\u00e7\u00e3o IP: IP20 Material: Aluminio, PC Dimens\u00f5es: 56x\u00d850 mm Peso: 0.02 kg [&hellip;]<\/p>\n","protected":false},"featured_media":0,"comment_status":"open","ping_status":"closed","template":"","meta":{"_monsterinsights_skip_tracking":false,"_monsterinsights_sitenote_active":false,"_monsterinsights_sitenote_note":"","_monsterinsights_sitenote_category":0},"product_brand":[],"product_cat":[519],"product_tag":[372,520],"class_list":{"0":"post-9761","1":"product","2":"type-product","3":"status-publish","5":"product_cat-gu10","6":"product_tag-dimavel","7":"product_tag-gu10","9":"first","10":"instock","11":"shipping-taxable","12":"product-type-simple"},"aioseo_notices":[],"_links":{"self":[{"href":"https:\/\/www.leds2all.pt\/index.php?rest_route=\/wp\/v2\/product\/9761","targetHints":{"allow":["GET"]}}],"collection":[{"href":"https:\/\/www.leds2all.pt\/index.php?rest_route=\/wp\/v2\/product"}],"about":[{"href":"https:\/\/www.leds2all.pt\/index.php?rest_route=\/wp\/v2\/types\/product"}],"replies":[{"embeddable":true,"href":"https:\/\/www.leds2all.pt\/index.php?rest_route=%2Fwp%2Fv2%2Fcomments&post=9761"}],"wp:attachment":[{"href":"https:\/\/www.leds2all.pt\/index.php?rest_route=%2Fwp%2Fv2%2Fmedia&parent=9761"}],"wp:term":[{"taxonomy":"product_brand","embeddable":true,"href":"https:\/\/www.leds2all.pt\/index.php?rest_route=%2Fwp%2Fv2%2Fproduct_brand&post=9761"},{"taxonomy":"product_cat","embeddable":true,"href":"https:\/\/www.leds2all.pt\/index.php?rest_route=%2Fwp%2Fv2%2Fproduct_cat&post=9761"},{"taxonomy":"product_tag","embeddable":true,"href":"https:\/\/www.leds2all.pt\/index.php?rest_route=%2Fwp%2Fv2%2Fproduct_tag&post=9761"}],"curies":[{"name":"wp","href":"https:\/\/api.w.org\/{rel}","templated":true}]}}