{"id":9794,"date":"2020-06-25T08:11:32","date_gmt":"2020-06-25T08:11:32","guid":{"rendered":"https:\/\/www.leds2all.pt\/?post_type=product&#038;p=9794"},"modified":"2026-01-30T09:22:01","modified_gmt":"2026-01-30T09:22:01","slug":"pen-drive-64gb-kingston-dt100g3-usb3-0","status":"publish","type":"product","link":"https:\/\/www.leds2all.pt\/?product=pen-drive-64gb-kingston-dt100g3-usb3-0","title":{"rendered":"Pen Drive DataTraveler Exodia USB 3.2 &#8211; KINGSTON"},"content":{"rendered":"<ul>\n<li>&#8211; Velocidade: USB 3.2 Ger 1<br \/>\n&#8211; Dimens\u00f5es: 67,3 x 21,04 x 10,14 mm<br \/>\n&#8211; Peso: 11g<br \/>\n&#8211; Temperatura de opera\u00e7\u00e3o: 0\u00b0C a 60\u00b0C<br \/>\n&#8211; Temperatura de armazenamento: -20\u00b0C a 85\u00b0C<br \/>\n&#8211; Compat\u00edvel com: Sistema Operacional Windows\u00ae 10, 8.1, 8, Mac OS (v.10.10.x ou superior);, Linux (v. 2.6.x ou superior);, Chrome<\/li>\n<\/ul>\n","protected":false},"excerpt":{"rendered":"<p>&#8211; Velocidade: USB 3.2 Ger 1 &#8211; Dimens\u00f5es: 67,3 x 21,04 x 10,14 mm &#8211; Peso: 11g &#8211; Temperatura de opera\u00e7\u00e3o: 0\u00b0C a 60\u00b0C &#8211; Temperatura de armazenamento: -20\u00b0C a 85\u00b0C &#8211; Compat\u00edvel com: Sistema Operacional Windows\u00ae 10, 8.1, 8, Mac OS (v.10.10.x ou superior);, Linux (v. 2.6.x ou superior);, Chrome<\/p>\n","protected":false},"featured_media":13888,"comment_status":"open","ping_status":"closed","template":"","meta":{"_monsterinsights_skip_tracking":false,"_monsterinsights_sitenote_active":false,"_monsterinsights_sitenote_note":"","_monsterinsights_sitenote_category":0},"product_brand":[],"product_cat":[274],"product_tag":[406,410,573,412,502,503],"class_list":{"0":"post-9794","1":"product","2":"type-product","3":"status-publish","4":"has-post-thumbnail","6":"product_cat-informatica","7":"product_tag-128gb","8":"product_tag-256gb","9":"product_tag-3-0","10":"product_tag-64gb","11":"product_tag-pen","12":"product_tag-usb","14":"first","15":"instock","16":"shipping-taxable","17":"purchasable","18":"product-type-variable"},"aioseo_notices":[],"_links":{"self":[{"href":"https:\/\/www.leds2all.pt\/index.php?rest_route=\/wp\/v2\/product\/9794","targetHints":{"allow":["GET"]}}],"collection":[{"href":"https:\/\/www.leds2all.pt\/index.php?rest_route=\/wp\/v2\/product"}],"about":[{"href":"https:\/\/www.leds2all.pt\/index.php?rest_route=\/wp\/v2\/types\/product"}],"replies":[{"embeddable":true,"href":"https:\/\/www.leds2all.pt\/index.php?rest_route=%2Fwp%2Fv2%2Fcomments&post=9794"}],"wp:featuredmedia":[{"embeddable":true,"href":"https:\/\/www.leds2all.pt\/index.php?rest_route=\/wp\/v2\/media\/13888"}],"wp:attachment":[{"href":"https:\/\/www.leds2all.pt\/index.php?rest_route=%2Fwp%2Fv2%2Fmedia&parent=9794"}],"wp:term":[{"taxonomy":"product_brand","embeddable":true,"href":"https:\/\/www.leds2all.pt\/index.php?rest_route=%2Fwp%2Fv2%2Fproduct_brand&post=9794"},{"taxonomy":"product_cat","embeddable":true,"href":"https:\/\/www.leds2all.pt\/index.php?rest_route=%2Fwp%2Fv2%2Fproduct_cat&post=9794"},{"taxonomy":"product_tag","embeddable":true,"href":"https:\/\/www.leds2all.pt\/index.php?rest_route=%2Fwp%2Fv2%2Fproduct_tag&post=9794"}],"curies":[{"name":"wp","href":"https:\/\/api.w.org\/{rel}","templated":true}]}}