{"id":9918,"date":"2020-07-02T09:15:19","date_gmt":"2020-07-02T09:15:19","guid":{"rendered":"https:\/\/www.leds2all.pt\/?post_type=product&#038;p=9918"},"modified":"2025-01-05T13:08:28","modified_gmt":"2025-01-05T13:08:28","slug":"kit-de-superficie-paineis-120x30cm","status":"publish","type":"product","link":"https:\/\/www.leds2all.pt\/?product=kit-de-superficie-paineis-120x30cm","title":{"rendered":"(envio directo) Kit de Superf\u00edcie Pain\u00e9is"},"content":{"rendered":"<p align=\"justify\"><strong>O Kit de Superficie para pain\u00e9is est\u00e1 desenhado para poder instalar os pain\u00e9is LED de em espa\u00e7os que n\u00e3o dip\u00f5em de teto remov\u00edvel<\/strong>\u00a0em que este tipo de ilumina\u00e7\u00e3o LED \u00e9 normalmente instalado..<\/p>\n<p align=\"justify\">Os pain\u00e9is LED s\u00e3o um tipo de lumin\u00e1ria que est\u00e1 presente numa ampla variedade de espa\u00e7os interiores, incluindo oficinas, supermercados ou hospitais. Oferecem uma ilumina\u00e7\u00e3o uniforme e de grande qualidade, livre de inc\u00f3modos reflexos. N\u00e3o obstante, n\u00e3o todos os lugares contam com um falso tecto desmont\u00e1vel que permite instalar este tipo de ilumina\u00e7\u00e3o LED de forma directa. Aqu\u00ed \u00e9 onde entra em jogo o Kit de Superficie para paineis, que <strong>foi especificamente desenhado para oferecer a possibilidade de instalar paineis LED em espa\u00e7os onde de outro modo n\u00e3o ser\u00eda poss\u00edvel.<\/strong><\/p>\n<p align=\"justify\"><strong>Este kit de superf\u00edcie est\u00e1 formado por 4 perfis de aluminio de alta qualidade que permitem assentar o painel LED, o driver e os\u00a0fios no seu interior para fix\u00e1-lo comodamente<\/strong>\u00a0em qualquer lugar da tua escolha, sem ter que renunciar a uma ilumina\u00e7\u00e3o moderna e de baixo consumo.<\/p>\n<p align=\"justify\"><em>*Painel LED n\u00e3o inclu\u00eddo.<\/em><\/p>\n","protected":false},"excerpt":{"rendered":"<p>O Kit de Superficie para pain\u00e9is est\u00e1 desenhado para poder instalar os pain\u00e9is LED de em espa\u00e7os que n\u00e3o dip\u00f5em de teto remov\u00edvel\u00a0em que este tipo de ilumina\u00e7\u00e3o LED \u00e9 normalmente instalado.. Os pain\u00e9is LED s\u00e3o um tipo de lumin\u00e1ria que est\u00e1 presente numa ampla variedade de espa\u00e7os interiores, incluindo oficinas, supermercados ou hospitais. Oferecem [&hellip;]<\/p>\n","protected":false},"featured_media":9917,"comment_status":"open","ping_status":"closed","template":"","meta":{"_monsterinsights_skip_tracking":false,"_monsterinsights_sitenote_active":false,"_monsterinsights_sitenote_note":"","_monsterinsights_sitenote_category":0},"product_brand":[],"product_cat":[844],"product_tag":[515],"class_list":{"0":"post-9918","1":"product","2":"type-product","3":"status-publish","4":"has-post-thumbnail","6":"product_cat-ed-paineis-de-led","7":"product_tag-120x30","9":"first","10":"instock","11":"shipping-taxable","12":"purchasable","13":"product-type-variable"},"aioseo_notices":[],"_links":{"self":[{"href":"https:\/\/www.leds2all.pt\/index.php?rest_route=\/wp\/v2\/product\/9918","targetHints":{"allow":["GET"]}}],"collection":[{"href":"https:\/\/www.leds2all.pt\/index.php?rest_route=\/wp\/v2\/product"}],"about":[{"href":"https:\/\/www.leds2all.pt\/index.php?rest_route=\/wp\/v2\/types\/product"}],"replies":[{"embeddable":true,"href":"https:\/\/www.leds2all.pt\/index.php?rest_route=%2Fwp%2Fv2%2Fcomments&post=9918"}],"wp:featuredmedia":[{"embeddable":true,"href":"https:\/\/www.leds2all.pt\/index.php?rest_route=\/wp\/v2\/media\/9917"}],"wp:attachment":[{"href":"https:\/\/www.leds2all.pt\/index.php?rest_route=%2Fwp%2Fv2%2Fmedia&parent=9918"}],"wp:term":[{"taxonomy":"product_brand","embeddable":true,"href":"https:\/\/www.leds2all.pt\/index.php?rest_route=%2Fwp%2Fv2%2Fproduct_brand&post=9918"},{"taxonomy":"product_cat","embeddable":true,"href":"https:\/\/www.leds2all.pt\/index.php?rest_route=%2Fwp%2Fv2%2Fproduct_cat&post=9918"},{"taxonomy":"product_tag","embeddable":true,"href":"https:\/\/www.leds2all.pt\/index.php?rest_route=%2Fwp%2Fv2%2Fproduct_tag&post=9918"}],"curies":[{"name":"wp","href":"https:\/\/api.w.org\/{rel}","templated":true}]}}